{"id":9784,"date":"2025-03-23T15:35:12","date_gmt":"2025-03-23T19:35:12","guid":{"rendered":"https:\/\/www.cadonix.com\/product\/arnes-arcadia-essenciais\/"},"modified":"2025-04-24T12:46:50","modified_gmt":"2025-04-24T16:46:50","slug":"arnes-arcadia-essenciais","status":"publish","type":"product","link":"https:\/\/www.cadonix.com\/pt-br\/product\/arnes-arcadia-essenciais\/","title":{"rendered":"Arn\u00eas Arcadia &#8211; Essenciais"},"content":{"rendered":"<p>Transforme esquemas em layouts de chicotes de fios fabric\u00e1veis com automa\u00e7\u00e3o e valida\u00e7\u00e3o no mundo real.<\/p>\n","protected":false},"excerpt":{"rendered":"<p>Transforme esquemas em layouts de chicotes de fios fabric\u00e1veis com automa\u00e7\u00e3o e valida\u00e7\u00e3o no mundo real.<\/p>\n","protected":false},"featured_media":5992,"template":"","meta":{"_acf_changed":false,"content-type":""},"bundle":[],"product_brand":[],"product_cat":[341],"product_tag":[],"class_list":{"0":"post-9784","1":"product","2":"type-product","3":"status-publish","4":"has-post-thumbnail","6":"product_cat-software-pt-br","8":"first","9":"instock","10":"taxable","11":"shipping-taxable","12":"purchasable","13":"product-type-variable-subscription","14":"has-default-attributes"},"acf":[],"yoast_head":"<!-- This site is optimized with the Yoast SEO plugin v27.3 - https:\/\/yoast.com\/product\/yoast-seo-wordpress\/ -->\n<title>Arn\u00eas Arcadia - Essenciais - Cadonix<\/title>\n<meta name=\"robots\" content=\"index, follow, max-snippet:-1, max-image-preview:large, max-video-preview:-1\" \/>\n<link rel=\"canonical\" href=\"https:\/\/www.cadonix.com\/pt-br\/product\/arnes-arcadia-essenciais\/\" \/>\n<meta property=\"og:locale\" content=\"pt_BR\" \/>\n<meta property=\"og:type\" content=\"article\" \/>\n<meta property=\"og:title\" content=\"Arn\u00eas Arcadia - Essenciais - Cadonix\" \/>\n<meta property=\"og:description\" content=\"Transforme esquemas em layouts de chicotes de fios fabric\u00e1veis com automa\u00e7\u00e3o e valida\u00e7\u00e3o no mundo real.\" \/>\n<meta property=\"og:url\" content=\"https:\/\/www.cadonix.com\/pt-br\/product\/arnes-arcadia-essenciais\/\" \/>\n<meta property=\"og:site_name\" content=\"Cadonix\" \/>\n<meta property=\"article:modified_time\" content=\"2025-04-24T16:46:50+00:00\" \/>\n<meta property=\"og:image\" content=\"https:\/\/www.cadonix.com\/wp-content\/uploads\/2025\/03\/arcadiaHarness.png\" \/>\n\t<meta property=\"og:image:width\" content=\"1508\" \/>\n\t<meta property=\"og:image:height\" content=\"950\" \/>\n\t<meta property=\"og:image:type\" content=\"image\/png\" \/>\n<meta name=\"twitter:card\" content=\"summary_large_image\" \/>\n<script type=\"application\/ld+json\" class=\"yoast-schema-graph\">{\"@context\":\"https:\\\/\\\/schema.org\",\"@graph\":[{\"@type\":\"WebPage\",\"@id\":\"https:\\\/\\\/www.cadonix.com\\\/pt-br\\\/product\\\/arnes-arcadia-essenciais\\\/\",\"url\":\"https:\\\/\\\/www.cadonix.com\\\/pt-br\\\/product\\\/arnes-arcadia-essenciais\\\/\",\"name\":\"Arn\u00eas Arcadia - Essenciais - Cadonix\",\"isPartOf\":{\"@id\":\"https:\\\/\\\/www.cadonix.com\\\/#website\"},\"primaryImageOfPage\":{\"@id\":\"https:\\\/\\\/www.cadonix.com\\\/pt-br\\\/product\\\/arnes-arcadia-essenciais\\\/#primaryimage\"},\"image\":{\"@id\":\"https:\\\/\\\/www.cadonix.com\\\/pt-br\\\/product\\\/arnes-arcadia-essenciais\\\/#primaryimage\"},\"thumbnailUrl\":\"https:\\\/\\\/www.cadonix.com\\\/wp-content\\\/uploads\\\/2025\\\/03\\\/arcadiaHarness.png\",\"datePublished\":\"2025-03-23T19:35:12+00:00\",\"dateModified\":\"2025-04-24T16:46:50+00:00\",\"breadcrumb\":{\"@id\":\"https:\\\/\\\/www.cadonix.com\\\/pt-br\\\/product\\\/arnes-arcadia-essenciais\\\/#breadcrumb\"},\"inLanguage\":\"pt-BR\",\"potentialAction\":[{\"@type\":\"ReadAction\",\"target\":[\"https:\\\/\\\/www.cadonix.com\\\/pt-br\\\/product\\\/arnes-arcadia-essenciais\\\/\"]}]},{\"@type\":\"ImageObject\",\"inLanguage\":\"pt-BR\",\"@id\":\"https:\\\/\\\/www.cadonix.com\\\/pt-br\\\/product\\\/arnes-arcadia-essenciais\\\/#primaryimage\",\"url\":\"https:\\\/\\\/www.cadonix.com\\\/wp-content\\\/uploads\\\/2025\\\/03\\\/arcadiaHarness.png\",\"contentUrl\":\"https:\\\/\\\/www.cadonix.com\\\/wp-content\\\/uploads\\\/2025\\\/03\\\/arcadiaHarness.png\",\"width\":1508,\"height\":950},{\"@type\":\"BreadcrumbList\",\"@id\":\"https:\\\/\\\/www.cadonix.com\\\/pt-br\\\/product\\\/arnes-arcadia-essenciais\\\/#breadcrumb\",\"itemListElement\":[{\"@type\":\"ListItem\",\"position\":1,\"name\":\"Home\",\"item\":\"https:\\\/\\\/www.cadonix.com\\\/\"},{\"@type\":\"ListItem\",\"position\":2,\"name\":\"Shop\",\"item\":\"https:\\\/\\\/www.cadonix.com\\\/shop\\\/\"},{\"@type\":\"ListItem\",\"position\":3,\"name\":\"Arn\u00eas Arcadia &#8211; Essenciais\"}]},{\"@type\":\"WebSite\",\"@id\":\"https:\\\/\\\/www.cadonix.com\\\/#website\",\"url\":\"https:\\\/\\\/www.cadonix.com\\\/\",\"name\":\"Cadonix\",\"description\":\"\",\"publisher\":{\"@id\":\"https:\\\/\\\/www.cadonix.com\\\/#organization\"},\"potentialAction\":[{\"@type\":\"SearchAction\",\"target\":{\"@type\":\"EntryPoint\",\"urlTemplate\":\"https:\\\/\\\/www.cadonix.com\\\/?s={search_term_string}\"},\"query-input\":{\"@type\":\"PropertyValueSpecification\",\"valueRequired\":true,\"valueName\":\"search_term_string\"}}],\"inLanguage\":\"pt-BR\"},{\"@type\":\"Organization\",\"@id\":\"https:\\\/\\\/www.cadonix.com\\\/#organization\",\"name\":\"Cadonix Ltd\",\"url\":\"https:\\\/\\\/www.cadonix.com\\\/\",\"logo\":{\"@type\":\"ImageObject\",\"inLanguage\":\"pt-BR\",\"@id\":\"https:\\\/\\\/www.cadonix.com\\\/#\\\/schema\\\/logo\\\/image\\\/\",\"url\":\"https:\\\/\\\/www.cadonix.com\\\/wp-content\\\/uploads\\\/2025\\\/03\\\/0-Company-OurBusinesses-Cadonix2.svg.svg?w=800\",\"contentUrl\":\"https:\\\/\\\/www.cadonix.com\\\/wp-content\\\/uploads\\\/2025\\\/03\\\/0-Company-OurBusinesses-Cadonix2.svg.svg?w=800\",\"width\":800,\"height\":\"1024\",\"caption\":\"Cadonix Ltd\"},\"image\":{\"@id\":\"https:\\\/\\\/www.cadonix.com\\\/#\\\/schema\\\/logo\\\/image\\\/\"},\"sameAs\":[\"https:\\\/\\\/uk.linkedin.com\\\/company\\\/cadonix\",\"https:\\\/\\\/www.youtube.com\\\/@ArcadiaCAD\"]}]}<\/script>\n<!-- \/ Yoast SEO plugin. -->","yoast_head_json":{"title":"Arn\u00eas Arcadia - Essenciais - Cadonix","robots":{"index":"index","follow":"follow","max-snippet":"max-snippet:-1","max-image-preview":"max-image-preview:large","max-video-preview":"max-video-preview:-1"},"canonical":"https:\/\/www.cadonix.com\/pt-br\/product\/arnes-arcadia-essenciais\/","og_locale":"pt_BR","og_type":"article","og_title":"Arn\u00eas Arcadia - Essenciais - Cadonix","og_description":"Transforme esquemas em layouts de chicotes de fios fabric\u00e1veis com automa\u00e7\u00e3o e valida\u00e7\u00e3o no mundo real.","og_url":"https:\/\/www.cadonix.com\/pt-br\/product\/arnes-arcadia-essenciais\/","og_site_name":"Cadonix","article_modified_time":"2025-04-24T16:46:50+00:00","og_image":[{"width":1508,"height":950,"url":"https:\/\/www.cadonix.com\/wp-content\/uploads\/2025\/03\/arcadiaHarness.png","type":"image\/png"}],"twitter_card":"summary_large_image","schema":{"@context":"https:\/\/schema.org","@graph":[{"@type":"WebPage","@id":"https:\/\/www.cadonix.com\/pt-br\/product\/arnes-arcadia-essenciais\/","url":"https:\/\/www.cadonix.com\/pt-br\/product\/arnes-arcadia-essenciais\/","name":"Arn\u00eas Arcadia - Essenciais - Cadonix","isPartOf":{"@id":"https:\/\/www.cadonix.com\/#website"},"primaryImageOfPage":{"@id":"https:\/\/www.cadonix.com\/pt-br\/product\/arnes-arcadia-essenciais\/#primaryimage"},"image":{"@id":"https:\/\/www.cadonix.com\/pt-br\/product\/arnes-arcadia-essenciais\/#primaryimage"},"thumbnailUrl":"https:\/\/www.cadonix.com\/wp-content\/uploads\/2025\/03\/arcadiaHarness.png","datePublished":"2025-03-23T19:35:12+00:00","dateModified":"2025-04-24T16:46:50+00:00","breadcrumb":{"@id":"https:\/\/www.cadonix.com\/pt-br\/product\/arnes-arcadia-essenciais\/#breadcrumb"},"inLanguage":"pt-BR","potentialAction":[{"@type":"ReadAction","target":["https:\/\/www.cadonix.com\/pt-br\/product\/arnes-arcadia-essenciais\/"]}]},{"@type":"ImageObject","inLanguage":"pt-BR","@id":"https:\/\/www.cadonix.com\/pt-br\/product\/arnes-arcadia-essenciais\/#primaryimage","url":"https:\/\/www.cadonix.com\/wp-content\/uploads\/2025\/03\/arcadiaHarness.png","contentUrl":"https:\/\/www.cadonix.com\/wp-content\/uploads\/2025\/03\/arcadiaHarness.png","width":1508,"height":950},{"@type":"BreadcrumbList","@id":"https:\/\/www.cadonix.com\/pt-br\/product\/arnes-arcadia-essenciais\/#breadcrumb","itemListElement":[{"@type":"ListItem","position":1,"name":"Home","item":"https:\/\/www.cadonix.com\/"},{"@type":"ListItem","position":2,"name":"Shop","item":"https:\/\/www.cadonix.com\/shop\/"},{"@type":"ListItem","position":3,"name":"Arn\u00eas Arcadia &#8211; Essenciais"}]},{"@type":"WebSite","@id":"https:\/\/www.cadonix.com\/#website","url":"https:\/\/www.cadonix.com\/","name":"Cadonix","description":"","publisher":{"@id":"https:\/\/www.cadonix.com\/#organization"},"potentialAction":[{"@type":"SearchAction","target":{"@type":"EntryPoint","urlTemplate":"https:\/\/www.cadonix.com\/?s={search_term_string}"},"query-input":{"@type":"PropertyValueSpecification","valueRequired":true,"valueName":"search_term_string"}}],"inLanguage":"pt-BR"},{"@type":"Organization","@id":"https:\/\/www.cadonix.com\/#organization","name":"Cadonix Ltd","url":"https:\/\/www.cadonix.com\/","logo":{"@type":"ImageObject","inLanguage":"pt-BR","@id":"https:\/\/www.cadonix.com\/#\/schema\/logo\/image\/","url":"https:\/\/www.cadonix.com\/wp-content\/uploads\/2025\/03\/0-Company-OurBusinesses-Cadonix2.svg.svg?w=800","contentUrl":"https:\/\/www.cadonix.com\/wp-content\/uploads\/2025\/03\/0-Company-OurBusinesses-Cadonix2.svg.svg?w=800","width":800,"height":"1024","caption":"Cadonix Ltd"},"image":{"@id":"https:\/\/www.cadonix.com\/#\/schema\/logo\/image\/"},"sameAs":["https:\/\/uk.linkedin.com\/company\/cadonix","https:\/\/www.youtube.com\/@ArcadiaCAD"]}]}},"_links":{"self":[{"href":"https:\/\/www.cadonix.com\/pt-br\/wp-json\/wp\/v2\/product\/9784","targetHints":{"allow":["GET"]}}],"collection":[{"href":"https:\/\/www.cadonix.com\/pt-br\/wp-json\/wp\/v2\/product"}],"about":[{"href":"https:\/\/www.cadonix.com\/pt-br\/wp-json\/wp\/v2\/types\/product"}],"version-history":[{"count":0,"href":"https:\/\/www.cadonix.com\/pt-br\/wp-json\/wp\/v2\/product\/9784\/revisions"}],"wp:featuredmedia":[{"embeddable":true,"href":"https:\/\/www.cadonix.com\/pt-br\/wp-json\/wp\/v2\/media\/5992"}],"wp:attachment":[{"href":"https:\/\/www.cadonix.com\/pt-br\/wp-json\/wp\/v2\/media?parent=9784"}],"wp:term":[{"taxonomy":"bundle","embeddable":true,"href":"https:\/\/www.cadonix.com\/pt-br\/wp-json\/wp\/v2\/bundle?post=9784"},{"taxonomy":"product_brand","embeddable":true,"href":"https:\/\/www.cadonix.com\/pt-br\/wp-json\/wp\/v2\/product_brand?post=9784"},{"taxonomy":"product_cat","embeddable":true,"href":"https:\/\/www.cadonix.com\/pt-br\/wp-json\/wp\/v2\/product_cat?post=9784"},{"taxonomy":"product_tag","embeddable":true,"href":"https:\/\/www.cadonix.com\/pt-br\/wp-json\/wp\/v2\/product_tag?post=9784"}],"curies":[{"name":"wp","href":"https:\/\/api.w.org\/{rel}","templated":true}]}}