{"id":9728,"date":"2020-09-07T10:48:34","date_gmt":"2020-09-07T14:48:34","guid":{"rendered":"https:\/\/www.cadonix.com\/product\/creditos-de-banco-de-dados-de-componentes\/"},"modified":"2020-09-07T10:48:34","modified_gmt":"2020-09-07T14:48:34","slug":"creditos-de-banco-de-dados-de-componentes","status":"publish","type":"product","link":"https:\/\/www.cadonix.com\/pt-br\/product\/creditos-de-banco-de-dados-de-componentes\/","title":{"rendered":"Cr\u00e9ditos de banco de dados de componentes"},"content":{"rendered":"<p>Compre cr\u00e9ditos para usar em nosso banco de dados de componentes incorporado. Use cr\u00e9ditos para componentes ou fale com nossa equipe de vendas para solicitar componentes personalizados feitos sob medida para o seu projeto. <\/p>\n","protected":false},"excerpt":{"rendered":"<p>Compre cr\u00e9ditos para usar em nosso banco de dados de componentes incorporado. Use cr\u00e9ditos para componentes ou fale com nossa equipe de vendas para solicitar componentes personalizados feitos sob medida para o seu projeto. <\/p>\n","protected":false},"featured_media":7257,"template":"","meta":{"_acf_changed":false,"content-type":""},"bundle":[],"product_brand":[],"product_cat":[342],"product_tag":[],"class_list":{"0":"post-9728","1":"product","2":"type-product","3":"status-publish","4":"has-post-thumbnail","6":"product_cat-creditos-pt-br","8":"first","9":"instock","10":"taxable","11":"shipping-taxable","12":"purchasable","13":"product-type-variable"},"acf":[],"yoast_head":"<!-- This site is optimized with the Yoast SEO plugin v27.3 - https:\/\/yoast.com\/product\/yoast-seo-wordpress\/ -->\n<title>Cr\u00e9ditos de banco de dados de componentes - Cadonix<\/title>\n<meta name=\"robots\" content=\"index, follow, max-snippet:-1, max-image-preview:large, max-video-preview:-1\" \/>\n<link rel=\"canonical\" href=\"https:\/\/www.cadonix.com\/pt-br\/product\/creditos-de-banco-de-dados-de-componentes\/\" \/>\n<meta property=\"og:locale\" content=\"pt_BR\" \/>\n<meta property=\"og:type\" content=\"article\" \/>\n<meta property=\"og:title\" content=\"Cr\u00e9ditos de banco de dados de componentes - Cadonix\" \/>\n<meta property=\"og:description\" content=\"Compre cr\u00e9ditos para usar em nosso banco de dados de componentes incorporado. Use cr\u00e9ditos para componentes ou fale com nossa equipe de vendas para solicitar componentes personalizados feitos sob medida para o seu projeto.\" \/>\n<meta property=\"og:url\" content=\"https:\/\/www.cadonix.com\/pt-br\/product\/creditos-de-banco-de-dados-de-componentes\/\" \/>\n<meta property=\"og:site_name\" content=\"Cadonix\" \/>\n<meta property=\"og:image\" content=\"https:\/\/www.cadonix.com\/wp-content\/uploads\/2025\/03\/component-db.png\" \/>\n\t<meta property=\"og:image:width\" content=\"682\" \/>\n\t<meta property=\"og:image:height\" content=\"564\" \/>\n\t<meta property=\"og:image:type\" content=\"image\/png\" \/>\n<meta name=\"twitter:card\" content=\"summary_large_image\" \/>\n<script type=\"application\/ld+json\" class=\"yoast-schema-graph\">{\"@context\":\"https:\\\/\\\/schema.org\",\"@graph\":[{\"@type\":\"WebPage\",\"@id\":\"https:\\\/\\\/www.cadonix.com\\\/pt-br\\\/product\\\/creditos-de-banco-de-dados-de-componentes\\\/\",\"url\":\"https:\\\/\\\/www.cadonix.com\\\/pt-br\\\/product\\\/creditos-de-banco-de-dados-de-componentes\\\/\",\"name\":\"Cr\u00e9ditos de banco de dados de componentes - Cadonix\",\"isPartOf\":{\"@id\":\"https:\\\/\\\/www.cadonix.com\\\/#website\"},\"primaryImageOfPage\":{\"@id\":\"https:\\\/\\\/www.cadonix.com\\\/pt-br\\\/product\\\/creditos-de-banco-de-dados-de-componentes\\\/#primaryimage\"},\"image\":{\"@id\":\"https:\\\/\\\/www.cadonix.com\\\/pt-br\\\/product\\\/creditos-de-banco-de-dados-de-componentes\\\/#primaryimage\"},\"thumbnailUrl\":\"https:\\\/\\\/www.cadonix.com\\\/wp-content\\\/uploads\\\/2025\\\/03\\\/component-db.png\",\"datePublished\":\"2020-09-07T14:48:34+00:00\",\"breadcrumb\":{\"@id\":\"https:\\\/\\\/www.cadonix.com\\\/pt-br\\\/product\\\/creditos-de-banco-de-dados-de-componentes\\\/#breadcrumb\"},\"inLanguage\":\"pt-BR\",\"potentialAction\":[{\"@type\":\"ReadAction\",\"target\":[\"https:\\\/\\\/www.cadonix.com\\\/pt-br\\\/product\\\/creditos-de-banco-de-dados-de-componentes\\\/\"]}]},{\"@type\":\"ImageObject\",\"inLanguage\":\"pt-BR\",\"@id\":\"https:\\\/\\\/www.cadonix.com\\\/pt-br\\\/product\\\/creditos-de-banco-de-dados-de-componentes\\\/#primaryimage\",\"url\":\"https:\\\/\\\/www.cadonix.com\\\/wp-content\\\/uploads\\\/2025\\\/03\\\/component-db.png\",\"contentUrl\":\"https:\\\/\\\/www.cadonix.com\\\/wp-content\\\/uploads\\\/2025\\\/03\\\/component-db.png\",\"width\":682,\"height\":564},{\"@type\":\"BreadcrumbList\",\"@id\":\"https:\\\/\\\/www.cadonix.com\\\/pt-br\\\/product\\\/creditos-de-banco-de-dados-de-componentes\\\/#breadcrumb\",\"itemListElement\":[{\"@type\":\"ListItem\",\"position\":1,\"name\":\"Home\",\"item\":\"https:\\\/\\\/www.cadonix.com\\\/\"},{\"@type\":\"ListItem\",\"position\":2,\"name\":\"Shop\",\"item\":\"https:\\\/\\\/www.cadonix.com\\\/shop\\\/\"},{\"@type\":\"ListItem\",\"position\":3,\"name\":\"Cr\u00e9ditos de banco de dados de componentes\"}]},{\"@type\":\"WebSite\",\"@id\":\"https:\\\/\\\/www.cadonix.com\\\/#website\",\"url\":\"https:\\\/\\\/www.cadonix.com\\\/\",\"name\":\"Cadonix\",\"description\":\"\",\"publisher\":{\"@id\":\"https:\\\/\\\/www.cadonix.com\\\/#organization\"},\"potentialAction\":[{\"@type\":\"SearchAction\",\"target\":{\"@type\":\"EntryPoint\",\"urlTemplate\":\"https:\\\/\\\/www.cadonix.com\\\/?s={search_term_string}\"},\"query-input\":{\"@type\":\"PropertyValueSpecification\",\"valueRequired\":true,\"valueName\":\"search_term_string\"}}],\"inLanguage\":\"pt-BR\"},{\"@type\":\"Organization\",\"@id\":\"https:\\\/\\\/www.cadonix.com\\\/#organization\",\"name\":\"Cadonix Ltd\",\"url\":\"https:\\\/\\\/www.cadonix.com\\\/\",\"logo\":{\"@type\":\"ImageObject\",\"inLanguage\":\"pt-BR\",\"@id\":\"https:\\\/\\\/www.cadonix.com\\\/#\\\/schema\\\/logo\\\/image\\\/\",\"url\":\"https:\\\/\\\/www.cadonix.com\\\/wp-content\\\/uploads\\\/2025\\\/03\\\/0-Company-OurBusinesses-Cadonix2.svg.svg?w=800\",\"contentUrl\":\"https:\\\/\\\/www.cadonix.com\\\/wp-content\\\/uploads\\\/2025\\\/03\\\/0-Company-OurBusinesses-Cadonix2.svg.svg?w=800\",\"width\":800,\"height\":\"1024\",\"caption\":\"Cadonix Ltd\"},\"image\":{\"@id\":\"https:\\\/\\\/www.cadonix.com\\\/#\\\/schema\\\/logo\\\/image\\\/\"},\"sameAs\":[\"https:\\\/\\\/uk.linkedin.com\\\/company\\\/cadonix\",\"https:\\\/\\\/www.youtube.com\\\/@ArcadiaCAD\"]}]}<\/script>\n<!-- \/ Yoast SEO plugin. -->","yoast_head_json":{"title":"Cr\u00e9ditos de banco de dados de componentes - Cadonix","robots":{"index":"index","follow":"follow","max-snippet":"max-snippet:-1","max-image-preview":"max-image-preview:large","max-video-preview":"max-video-preview:-1"},"canonical":"https:\/\/www.cadonix.com\/pt-br\/product\/creditos-de-banco-de-dados-de-componentes\/","og_locale":"pt_BR","og_type":"article","og_title":"Cr\u00e9ditos de banco de dados de componentes - Cadonix","og_description":"Compre cr\u00e9ditos para usar em nosso banco de dados de componentes incorporado. Use cr\u00e9ditos para componentes ou fale com nossa equipe de vendas para solicitar componentes personalizados feitos sob medida para o seu projeto.","og_url":"https:\/\/www.cadonix.com\/pt-br\/product\/creditos-de-banco-de-dados-de-componentes\/","og_site_name":"Cadonix","og_image":[{"width":682,"height":564,"url":"https:\/\/www.cadonix.com\/wp-content\/uploads\/2025\/03\/component-db.png","type":"image\/png"}],"twitter_card":"summary_large_image","schema":{"@context":"https:\/\/schema.org","@graph":[{"@type":"WebPage","@id":"https:\/\/www.cadonix.com\/pt-br\/product\/creditos-de-banco-de-dados-de-componentes\/","url":"https:\/\/www.cadonix.com\/pt-br\/product\/creditos-de-banco-de-dados-de-componentes\/","name":"Cr\u00e9ditos de banco de dados de componentes - Cadonix","isPartOf":{"@id":"https:\/\/www.cadonix.com\/#website"},"primaryImageOfPage":{"@id":"https:\/\/www.cadonix.com\/pt-br\/product\/creditos-de-banco-de-dados-de-componentes\/#primaryimage"},"image":{"@id":"https:\/\/www.cadonix.com\/pt-br\/product\/creditos-de-banco-de-dados-de-componentes\/#primaryimage"},"thumbnailUrl":"https:\/\/www.cadonix.com\/wp-content\/uploads\/2025\/03\/component-db.png","datePublished":"2020-09-07T14:48:34+00:00","breadcrumb":{"@id":"https:\/\/www.cadonix.com\/pt-br\/product\/creditos-de-banco-de-dados-de-componentes\/#breadcrumb"},"inLanguage":"pt-BR","potentialAction":[{"@type":"ReadAction","target":["https:\/\/www.cadonix.com\/pt-br\/product\/creditos-de-banco-de-dados-de-componentes\/"]}]},{"@type":"ImageObject","inLanguage":"pt-BR","@id":"https:\/\/www.cadonix.com\/pt-br\/product\/creditos-de-banco-de-dados-de-componentes\/#primaryimage","url":"https:\/\/www.cadonix.com\/wp-content\/uploads\/2025\/03\/component-db.png","contentUrl":"https:\/\/www.cadonix.com\/wp-content\/uploads\/2025\/03\/component-db.png","width":682,"height":564},{"@type":"BreadcrumbList","@id":"https:\/\/www.cadonix.com\/pt-br\/product\/creditos-de-banco-de-dados-de-componentes\/#breadcrumb","itemListElement":[{"@type":"ListItem","position":1,"name":"Home","item":"https:\/\/www.cadonix.com\/"},{"@type":"ListItem","position":2,"name":"Shop","item":"https:\/\/www.cadonix.com\/shop\/"},{"@type":"ListItem","position":3,"name":"Cr\u00e9ditos de banco de dados de componentes"}]},{"@type":"WebSite","@id":"https:\/\/www.cadonix.com\/#website","url":"https:\/\/www.cadonix.com\/","name":"Cadonix","description":"","publisher":{"@id":"https:\/\/www.cadonix.com\/#organization"},"potentialAction":[{"@type":"SearchAction","target":{"@type":"EntryPoint","urlTemplate":"https:\/\/www.cadonix.com\/?s={search_term_string}"},"query-input":{"@type":"PropertyValueSpecification","valueRequired":true,"valueName":"search_term_string"}}],"inLanguage":"pt-BR"},{"@type":"Organization","@id":"https:\/\/www.cadonix.com\/#organization","name":"Cadonix Ltd","url":"https:\/\/www.cadonix.com\/","logo":{"@type":"ImageObject","inLanguage":"pt-BR","@id":"https:\/\/www.cadonix.com\/#\/schema\/logo\/image\/","url":"https:\/\/www.cadonix.com\/wp-content\/uploads\/2025\/03\/0-Company-OurBusinesses-Cadonix2.svg.svg?w=800","contentUrl":"https:\/\/www.cadonix.com\/wp-content\/uploads\/2025\/03\/0-Company-OurBusinesses-Cadonix2.svg.svg?w=800","width":800,"height":"1024","caption":"Cadonix Ltd"},"image":{"@id":"https:\/\/www.cadonix.com\/#\/schema\/logo\/image\/"},"sameAs":["https:\/\/uk.linkedin.com\/company\/cadonix","https:\/\/www.youtube.com\/@ArcadiaCAD"]}]}},"_links":{"self":[{"href":"https:\/\/www.cadonix.com\/pt-br\/wp-json\/wp\/v2\/product\/9728","targetHints":{"allow":["GET"]}}],"collection":[{"href":"https:\/\/www.cadonix.com\/pt-br\/wp-json\/wp\/v2\/product"}],"about":[{"href":"https:\/\/www.cadonix.com\/pt-br\/wp-json\/wp\/v2\/types\/product"}],"version-history":[{"count":0,"href":"https:\/\/www.cadonix.com\/pt-br\/wp-json\/wp\/v2\/product\/9728\/revisions"}],"wp:featuredmedia":[{"embeddable":true,"href":"https:\/\/www.cadonix.com\/pt-br\/wp-json\/wp\/v2\/media\/7257"}],"wp:attachment":[{"href":"https:\/\/www.cadonix.com\/pt-br\/wp-json\/wp\/v2\/media?parent=9728"}],"wp:term":[{"taxonomy":"bundle","embeddable":true,"href":"https:\/\/www.cadonix.com\/pt-br\/wp-json\/wp\/v2\/bundle?post=9728"},{"taxonomy":"product_brand","embeddable":true,"href":"https:\/\/www.cadonix.com\/pt-br\/wp-json\/wp\/v2\/product_brand?post=9728"},{"taxonomy":"product_cat","embeddable":true,"href":"https:\/\/www.cadonix.com\/pt-br\/wp-json\/wp\/v2\/product_cat?post=9728"},{"taxonomy":"product_tag","embeddable":true,"href":"https:\/\/www.cadonix.com\/pt-br\/wp-json\/wp\/v2\/product_tag?post=9728"}],"curies":[{"name":"wp","href":"https:\/\/api.w.org\/{rel}","templated":true}]}}