{"id":9739,"date":"2020-09-07T10:48:34","date_gmt":"2020-09-07T14:48:34","guid":{"rendered":"https:\/\/www.cadonix.com\/product\/composant-base-de-donnees-credits\/"},"modified":"2020-09-07T10:48:34","modified_gmt":"2020-09-07T14:48:34","slug":"composant-base-de-donnees-credits","status":"publish","type":"product","link":"https:\/\/www.cadonix.com\/fr\/product\/composant-base-de-donnees-credits\/","title":{"rendered":"Composant Base de donn\u00e9es Cr\u00e9dits"},"content":{"rendered":"<p>Achetez des cr\u00e9dits \u00e0 utiliser dans notre base de donn\u00e9es de composants int\u00e9gr\u00e9e. Utilisez les cr\u00e9dits pour des composants, ou contactez notre \u00e9quipe de vente pour demander des composants personnalis\u00e9s adapt\u00e9s \u00e0 votre projet. <\/p>\n","protected":false},"excerpt":{"rendered":"<p>Achetez des cr\u00e9dits \u00e0 utiliser dans notre base de donn\u00e9es de composants int\u00e9gr\u00e9e. Utilisez les cr\u00e9dits pour des composants, ou contactez notre \u00e9quipe de vente pour demander des composants personnalis\u00e9s adapt\u00e9s \u00e0 votre projet. <\/p>\n","protected":false},"featured_media":7254,"template":"","meta":{"_acf_changed":false,"content-type":""},"bundle":[],"product_brand":[],"product_cat":[348],"product_tag":[],"class_list":{"0":"post-9739","1":"product","2":"type-product","3":"status-publish","4":"has-post-thumbnail","6":"product_cat-credits-fr","8":"first","9":"instock","10":"taxable","11":"shipping-taxable","12":"purchasable","13":"product-type-variable"},"acf":[],"yoast_head":"<!-- This site is optimized with the Yoast SEO plugin v27.3 - https:\/\/yoast.com\/product\/yoast-seo-wordpress\/ -->\n<title>Composant Base de donn\u00e9es Cr\u00e9dits - Cadonix<\/title>\n<meta name=\"robots\" content=\"index, follow, max-snippet:-1, max-image-preview:large, max-video-preview:-1\" \/>\n<link rel=\"canonical\" href=\"https:\/\/www.cadonix.com\/fr\/product\/composant-base-de-donnees-credits\/\" \/>\n<meta property=\"og:locale\" content=\"fr_FR\" \/>\n<meta property=\"og:type\" content=\"article\" \/>\n<meta property=\"og:title\" content=\"Composant Base de donn\u00e9es Cr\u00e9dits - Cadonix\" \/>\n<meta property=\"og:description\" content=\"Achetez des cr\u00e9dits \u00e0 utiliser dans notre base de donn\u00e9es de composants int\u00e9gr\u00e9e. Utilisez les cr\u00e9dits pour des composants, ou contactez notre \u00e9quipe de vente pour demander des composants personnalis\u00e9s adapt\u00e9s \u00e0 votre projet.\" \/>\n<meta property=\"og:url\" content=\"https:\/\/www.cadonix.com\/fr\/product\/composant-base-de-donnees-credits\/\" \/>\n<meta property=\"og:site_name\" content=\"Cadonix\" \/>\n<meta property=\"og:image\" content=\"https:\/\/www.cadonix.com\/wp-content\/uploads\/2025\/03\/component-db.png\" \/>\n\t<meta property=\"og:image:width\" content=\"682\" \/>\n\t<meta property=\"og:image:height\" content=\"564\" \/>\n\t<meta property=\"og:image:type\" content=\"image\/png\" \/>\n<meta name=\"twitter:card\" content=\"summary_large_image\" \/>\n<script type=\"application\/ld+json\" class=\"yoast-schema-graph\">{\"@context\":\"https:\\\/\\\/schema.org\",\"@graph\":[{\"@type\":\"WebPage\",\"@id\":\"https:\\\/\\\/www.cadonix.com\\\/fr\\\/product\\\/composant-base-de-donnees-credits\\\/\",\"url\":\"https:\\\/\\\/www.cadonix.com\\\/fr\\\/product\\\/composant-base-de-donnees-credits\\\/\",\"name\":\"Composant Base de donn\u00e9es Cr\u00e9dits - Cadonix\",\"isPartOf\":{\"@id\":\"https:\\\/\\\/www.cadonix.com\\\/#website\"},\"primaryImageOfPage\":{\"@id\":\"https:\\\/\\\/www.cadonix.com\\\/fr\\\/product\\\/composant-base-de-donnees-credits\\\/#primaryimage\"},\"image\":{\"@id\":\"https:\\\/\\\/www.cadonix.com\\\/fr\\\/product\\\/composant-base-de-donnees-credits\\\/#primaryimage\"},\"thumbnailUrl\":\"https:\\\/\\\/www.cadonix.com\\\/wp-content\\\/uploads\\\/2025\\\/03\\\/component-db.png\",\"datePublished\":\"2020-09-07T14:48:34+00:00\",\"breadcrumb\":{\"@id\":\"https:\\\/\\\/www.cadonix.com\\\/fr\\\/product\\\/composant-base-de-donnees-credits\\\/#breadcrumb\"},\"inLanguage\":\"fr-FR\",\"potentialAction\":[{\"@type\":\"ReadAction\",\"target\":[\"https:\\\/\\\/www.cadonix.com\\\/fr\\\/product\\\/composant-base-de-donnees-credits\\\/\"]}]},{\"@type\":\"ImageObject\",\"inLanguage\":\"fr-FR\",\"@id\":\"https:\\\/\\\/www.cadonix.com\\\/fr\\\/product\\\/composant-base-de-donnees-credits\\\/#primaryimage\",\"url\":\"https:\\\/\\\/www.cadonix.com\\\/wp-content\\\/uploads\\\/2025\\\/03\\\/component-db.png\",\"contentUrl\":\"https:\\\/\\\/www.cadonix.com\\\/wp-content\\\/uploads\\\/2025\\\/03\\\/component-db.png\",\"width\":682,\"height\":564},{\"@type\":\"BreadcrumbList\",\"@id\":\"https:\\\/\\\/www.cadonix.com\\\/fr\\\/product\\\/composant-base-de-donnees-credits\\\/#breadcrumb\",\"itemListElement\":[{\"@type\":\"ListItem\",\"position\":1,\"name\":\"Home\",\"item\":\"https:\\\/\\\/www.cadonix.com\\\/\"},{\"@type\":\"ListItem\",\"position\":2,\"name\":\"Shop\",\"item\":\"https:\\\/\\\/www.cadonix.com\\\/shop\\\/\"},{\"@type\":\"ListItem\",\"position\":3,\"name\":\"Composant Base de donn\u00e9es Cr\u00e9dits\"}]},{\"@type\":\"WebSite\",\"@id\":\"https:\\\/\\\/www.cadonix.com\\\/#website\",\"url\":\"https:\\\/\\\/www.cadonix.com\\\/\",\"name\":\"Cadonix\",\"description\":\"\",\"publisher\":{\"@id\":\"https:\\\/\\\/www.cadonix.com\\\/#organization\"},\"potentialAction\":[{\"@type\":\"SearchAction\",\"target\":{\"@type\":\"EntryPoint\",\"urlTemplate\":\"https:\\\/\\\/www.cadonix.com\\\/?s={search_term_string}\"},\"query-input\":{\"@type\":\"PropertyValueSpecification\",\"valueRequired\":true,\"valueName\":\"search_term_string\"}}],\"inLanguage\":\"fr-FR\"},{\"@type\":\"Organization\",\"@id\":\"https:\\\/\\\/www.cadonix.com\\\/#organization\",\"name\":\"Cadonix Ltd\",\"url\":\"https:\\\/\\\/www.cadonix.com\\\/\",\"logo\":{\"@type\":\"ImageObject\",\"inLanguage\":\"fr-FR\",\"@id\":\"https:\\\/\\\/www.cadonix.com\\\/#\\\/schema\\\/logo\\\/image\\\/\",\"url\":\"https:\\\/\\\/www.cadonix.com\\\/wp-content\\\/uploads\\\/2025\\\/03\\\/0-Company-OurBusinesses-Cadonix2.svg.svg?w=800\",\"contentUrl\":\"https:\\\/\\\/www.cadonix.com\\\/wp-content\\\/uploads\\\/2025\\\/03\\\/0-Company-OurBusinesses-Cadonix2.svg.svg?w=800\",\"width\":800,\"height\":\"1024\",\"caption\":\"Cadonix Ltd\"},\"image\":{\"@id\":\"https:\\\/\\\/www.cadonix.com\\\/#\\\/schema\\\/logo\\\/image\\\/\"},\"sameAs\":[\"https:\\\/\\\/uk.linkedin.com\\\/company\\\/cadonix\",\"https:\\\/\\\/www.youtube.com\\\/@ArcadiaCAD\"]}]}<\/script>\n<!-- \/ Yoast SEO plugin. -->","yoast_head_json":{"title":"Composant Base de donn\u00e9es Cr\u00e9dits - Cadonix","robots":{"index":"index","follow":"follow","max-snippet":"max-snippet:-1","max-image-preview":"max-image-preview:large","max-video-preview":"max-video-preview:-1"},"canonical":"https:\/\/www.cadonix.com\/fr\/product\/composant-base-de-donnees-credits\/","og_locale":"fr_FR","og_type":"article","og_title":"Composant Base de donn\u00e9es Cr\u00e9dits - Cadonix","og_description":"Achetez des cr\u00e9dits \u00e0 utiliser dans notre base de donn\u00e9es de composants int\u00e9gr\u00e9e. Utilisez les cr\u00e9dits pour des composants, ou contactez notre \u00e9quipe de vente pour demander des composants personnalis\u00e9s adapt\u00e9s \u00e0 votre projet.","og_url":"https:\/\/www.cadonix.com\/fr\/product\/composant-base-de-donnees-credits\/","og_site_name":"Cadonix","og_image":[{"width":682,"height":564,"url":"https:\/\/www.cadonix.com\/wp-content\/uploads\/2025\/03\/component-db.png","type":"image\/png"}],"twitter_card":"summary_large_image","schema":{"@context":"https:\/\/schema.org","@graph":[{"@type":"WebPage","@id":"https:\/\/www.cadonix.com\/fr\/product\/composant-base-de-donnees-credits\/","url":"https:\/\/www.cadonix.com\/fr\/product\/composant-base-de-donnees-credits\/","name":"Composant Base de donn\u00e9es Cr\u00e9dits - Cadonix","isPartOf":{"@id":"https:\/\/www.cadonix.com\/#website"},"primaryImageOfPage":{"@id":"https:\/\/www.cadonix.com\/fr\/product\/composant-base-de-donnees-credits\/#primaryimage"},"image":{"@id":"https:\/\/www.cadonix.com\/fr\/product\/composant-base-de-donnees-credits\/#primaryimage"},"thumbnailUrl":"https:\/\/www.cadonix.com\/wp-content\/uploads\/2025\/03\/component-db.png","datePublished":"2020-09-07T14:48:34+00:00","breadcrumb":{"@id":"https:\/\/www.cadonix.com\/fr\/product\/composant-base-de-donnees-credits\/#breadcrumb"},"inLanguage":"fr-FR","potentialAction":[{"@type":"ReadAction","target":["https:\/\/www.cadonix.com\/fr\/product\/composant-base-de-donnees-credits\/"]}]},{"@type":"ImageObject","inLanguage":"fr-FR","@id":"https:\/\/www.cadonix.com\/fr\/product\/composant-base-de-donnees-credits\/#primaryimage","url":"https:\/\/www.cadonix.com\/wp-content\/uploads\/2025\/03\/component-db.png","contentUrl":"https:\/\/www.cadonix.com\/wp-content\/uploads\/2025\/03\/component-db.png","width":682,"height":564},{"@type":"BreadcrumbList","@id":"https:\/\/www.cadonix.com\/fr\/product\/composant-base-de-donnees-credits\/#breadcrumb","itemListElement":[{"@type":"ListItem","position":1,"name":"Home","item":"https:\/\/www.cadonix.com\/"},{"@type":"ListItem","position":2,"name":"Shop","item":"https:\/\/www.cadonix.com\/shop\/"},{"@type":"ListItem","position":3,"name":"Composant Base de donn\u00e9es Cr\u00e9dits"}]},{"@type":"WebSite","@id":"https:\/\/www.cadonix.com\/#website","url":"https:\/\/www.cadonix.com\/","name":"Cadonix","description":"","publisher":{"@id":"https:\/\/www.cadonix.com\/#organization"},"potentialAction":[{"@type":"SearchAction","target":{"@type":"EntryPoint","urlTemplate":"https:\/\/www.cadonix.com\/?s={search_term_string}"},"query-input":{"@type":"PropertyValueSpecification","valueRequired":true,"valueName":"search_term_string"}}],"inLanguage":"fr-FR"},{"@type":"Organization","@id":"https:\/\/www.cadonix.com\/#organization","name":"Cadonix Ltd","url":"https:\/\/www.cadonix.com\/","logo":{"@type":"ImageObject","inLanguage":"fr-FR","@id":"https:\/\/www.cadonix.com\/#\/schema\/logo\/image\/","url":"https:\/\/www.cadonix.com\/wp-content\/uploads\/2025\/03\/0-Company-OurBusinesses-Cadonix2.svg.svg?w=800","contentUrl":"https:\/\/www.cadonix.com\/wp-content\/uploads\/2025\/03\/0-Company-OurBusinesses-Cadonix2.svg.svg?w=800","width":800,"height":"1024","caption":"Cadonix Ltd"},"image":{"@id":"https:\/\/www.cadonix.com\/#\/schema\/logo\/image\/"},"sameAs":["https:\/\/uk.linkedin.com\/company\/cadonix","https:\/\/www.youtube.com\/@ArcadiaCAD"]}]}},"_links":{"self":[{"href":"https:\/\/www.cadonix.com\/fr\/wp-json\/wp\/v2\/product\/9739","targetHints":{"allow":["GET"]}}],"collection":[{"href":"https:\/\/www.cadonix.com\/fr\/wp-json\/wp\/v2\/product"}],"about":[{"href":"https:\/\/www.cadonix.com\/fr\/wp-json\/wp\/v2\/types\/product"}],"version-history":[{"count":0,"href":"https:\/\/www.cadonix.com\/fr\/wp-json\/wp\/v2\/product\/9739\/revisions"}],"wp:featuredmedia":[{"embeddable":true,"href":"https:\/\/www.cadonix.com\/fr\/wp-json\/wp\/v2\/media\/7254"}],"wp:attachment":[{"href":"https:\/\/www.cadonix.com\/fr\/wp-json\/wp\/v2\/media?parent=9739"}],"wp:term":[{"taxonomy":"bundle","embeddable":true,"href":"https:\/\/www.cadonix.com\/fr\/wp-json\/wp\/v2\/bundle?post=9739"},{"taxonomy":"product_brand","embeddable":true,"href":"https:\/\/www.cadonix.com\/fr\/wp-json\/wp\/v2\/product_brand?post=9739"},{"taxonomy":"product_cat","embeddable":true,"href":"https:\/\/www.cadonix.com\/fr\/wp-json\/wp\/v2\/product_cat?post=9739"},{"taxonomy":"product_tag","embeddable":true,"href":"https:\/\/www.cadonix.com\/fr\/wp-json\/wp\/v2\/product_tag?post=9739"}],"curies":[{"name":"wp","href":"https:\/\/api.w.org\/{rel}","templated":true}]}}