{"id":2625,"date":"2025-01-13T14:30:55","date_gmt":"2025-01-13T19:30:55","guid":{"rendered":"http:\/\/www.cadonix.com:8000\/mon-compte\/"},"modified":"2025-04-10T11:44:03","modified_gmt":"2025-04-10T15:44:03","slug":"mon-compte","status":"publish","type":"page","link":"https:\/\/www.cadonix.com\/fr\/mon-compte\/","title":{"rendered":"Mon compte"},"content":{"rendered":"\t\t<div data-elementor-type=\"wp-page\" data-elementor-id=\"2625\" class=\"elementor elementor-2625 elementor-12\" data-elementor-post-type=\"page\">\n\t\t\t\t<div class=\"elementor-element elementor-element-3117ae7e e-flex e-con-boxed cadonix-spacing-none e-con e-parent\" data-id=\"3117ae7e\" data-element_type=\"container\" data-e-type=\"container\">\n\t\t\t\t\t<div class=\"e-con-inner\">\n\t\t<div class=\"elementor-element elementor-element-c36d607 e-con-full e-flex cadonix-spacing-none e-con e-child\" data-id=\"c36d607\" data-element_type=\"container\" data-e-type=\"container\" data-settings=\"{&quot;background_background&quot;:&quot;classic&quot;}\">\n\t\t<div class=\"elementor-element elementor-element-d3fa0e9 e-con-full e-flex cadonix-spacing-none e-con e-child\" data-id=\"d3fa0e9\" data-element_type=\"container\" data-e-type=\"container\" data-settings=\"{&quot;background_background&quot;:&quot;classic&quot;}\">\n\t\t\t\t<div class=\"elementor-element elementor-element-7885896 cadonix-text-style-h6 elementor-widget elementor-widget-text-editor\" data-id=\"7885896\" data-element_type=\"widget\" data-e-type=\"widget\" data-widget_type=\"text-editor.default\">\n\t\t\t\t<div class=\"elementor-widget-container\">\n\t\t\t\t\t\t\t\t\t<p>Annonce pour les utilisateurs actuels de Cadonix<\/p>\n\t\t\t\t\t\t\t\t<\/div>\n\t\t\t\t<\/div>\n\t\t\t\t<\/div>\n\t\t<div class=\"elementor-element elementor-element-0f31964 e-con-full e-flex cadonix-spacing-none e-con e-child\" data-id=\"0f31964\" data-element_type=\"container\" data-e-type=\"container\">\n\t\t\t\t<div class=\"elementor-element elementor-element-f8b394d elementor-widget elementor-widget-text-editor\" data-id=\"f8b394d\" data-element_type=\"widget\" data-e-type=\"widget\" data-widget_type=\"text-editor.default\">\n\t\t\t\t<div class=\"elementor-widget-container\">\n\t\t\t\t\t\t\t\t\t<h3>Bienvenue sur notre nouveau site web !<\/h3>\n\t\t\t\t\t\t\t\t<\/div>\n\t\t\t\t<\/div>\n\t\t\t\t<div class=\"elementor-element elementor-element-c8876a3 elementor-widget elementor-widget-text-editor\" data-id=\"c8876a3\" data-element_type=\"widget\" data-e-type=\"widget\" data-widget_type=\"text-editor.default\">\n\t\t\t\t<div class=\"elementor-widget-container\">\n\t\t\t\t\t\t\t\t\t<p>Si vous avez d\u00e9j\u00e0 un compte chez Cadonix et que vous \u00e9tiez client avant le 31 mars 2025 &#8211; <a href=\"\/my-account\/lost-password\/\">veuillez cliquer ici pour cr\u00e9er un nouveau mot de passe de compte<\/a> afin de g\u00e9rer vos commandes et abonnements.<\/p>\n\t\t\t\t\t\t\t\t<\/div>\n\t\t\t\t<\/div>\n\t\t\t\t<\/div>\n\t\t\t\t<\/div>\n\t\t\t\t<div class=\"elementor-element elementor-element-7cb59dd6 elementor-widget elementor-widget-text-editor\" data-id=\"7cb59dd6\" data-element_type=\"widget\" data-e-type=\"widget\" data-widget_type=\"text-editor.default\">\n\t\t\t\t<div class=\"elementor-widget-container\">\n\t\t\t\t\t\t\t\t\t<p><div class=\"woocommerce\"><\/div><\/p>\n\t\t\t\t\t\t\t\t<\/div>\n\t\t\t\t<\/div>\n\t\t\t\t\t<\/div>\n\t\t\t\t<\/div>\n\t\t\t\t<\/div>\n\t\t","protected":false},"excerpt":{"rendered":"<p>Annonce pour les utilisateurs actuels de Cadonix Bienvenue sur notre nouveau site web ! Si vous avez d\u00e9j\u00e0 un compte chez Cadonix et que vous \u00e9tiez client avant le 31 mars 2025 &#8211; veuillez cliquer ici pour cr\u00e9er un nouveau mot de passe de compte afin de g\u00e9rer vos commandes et abonnements.<\/p>\n","protected":false},"author":16,"featured_media":0,"parent":0,"menu_order":0,"comment_status":"closed","ping_status":"closed","template":"","meta":{"_acf_changed":false,"content-type":"","footnotes":""},"class_list":["post-2625","page","type-page","status-publish","hentry"],"acf":[],"yoast_head":"<!-- This site is optimized with the Yoast SEO plugin v27.4 - https:\/\/yoast.com\/product\/yoast-seo-wordpress\/ -->\n<title>Mon compte - Cadonix<\/title>\n<meta name=\"robots\" content=\"index, follow, max-snippet:-1, max-image-preview:large, max-video-preview:-1\" \/>\n<link rel=\"canonical\" href=\"https:\/\/www.cadonix.com\/fr\/mon-compte\/\" \/>\n<meta property=\"og:locale\" content=\"fr_FR\" \/>\n<meta property=\"og:type\" content=\"article\" \/>\n<meta property=\"og:title\" content=\"Mon compte - Cadonix\" \/>\n<meta property=\"og:description\" content=\"Annonce pour les utilisateurs actuels de Cadonix Bienvenue sur notre nouveau site web ! Si vous avez d\u00e9j\u00e0 un compte chez Cadonix et que vous \u00e9tiez client avant le 31 mars 2025 &#8211; veuillez cliquer ici pour cr\u00e9er un nouveau mot de passe de compte afin de g\u00e9rer vos commandes et abonnements.\" \/>\n<meta property=\"og:url\" content=\"https:\/\/www.cadonix.com\/fr\/mon-compte\/\" \/>\n<meta property=\"og:site_name\" content=\"Cadonix\" \/>\n<meta property=\"article:modified_time\" content=\"2025-04-10T15:44:03+00:00\" \/>\n<meta name=\"twitter:card\" content=\"summary_large_image\" \/>\n<script type=\"application\/ld+json\" class=\"yoast-schema-graph\">{\"@context\":\"https:\\\/\\\/schema.org\",\"@graph\":[{\"@type\":\"WebPage\",\"@id\":\"https:\\\/\\\/www.cadonix.com\\\/fr\\\/mon-compte\\\/\",\"url\":\"https:\\\/\\\/www.cadonix.com\\\/fr\\\/mon-compte\\\/\",\"name\":\"Mon compte - Cadonix\",\"isPartOf\":{\"@id\":\"https:\\\/\\\/www.cadonix.com\\\/#website\"},\"datePublished\":\"2025-01-13T19:30:55+00:00\",\"dateModified\":\"2025-04-10T15:44:03+00:00\",\"breadcrumb\":{\"@id\":\"https:\\\/\\\/www.cadonix.com\\\/fr\\\/mon-compte\\\/#breadcrumb\"},\"inLanguage\":\"fr-FR\",\"potentialAction\":[{\"@type\":\"ReadAction\",\"target\":[\"https:\\\/\\\/www.cadonix.com\\\/fr\\\/mon-compte\\\/\"]}]},{\"@type\":\"BreadcrumbList\",\"@id\":\"https:\\\/\\\/www.cadonix.com\\\/fr\\\/mon-compte\\\/#breadcrumb\",\"itemListElement\":[{\"@type\":\"ListItem\",\"position\":1,\"name\":\"Home\",\"item\":\"https:\\\/\\\/www.cadonix.com\\\/\"},{\"@type\":\"ListItem\",\"position\":2,\"name\":\"Mon compte\"}]},{\"@type\":\"WebSite\",\"@id\":\"https:\\\/\\\/www.cadonix.com\\\/#website\",\"url\":\"https:\\\/\\\/www.cadonix.com\\\/\",\"name\":\"Cadonix\",\"description\":\"\",\"publisher\":{\"@id\":\"https:\\\/\\\/www.cadonix.com\\\/#organization\"},\"potentialAction\":[{\"@type\":\"SearchAction\",\"target\":{\"@type\":\"EntryPoint\",\"urlTemplate\":\"https:\\\/\\\/www.cadonix.com\\\/?s={search_term_string}\"},\"query-input\":{\"@type\":\"PropertyValueSpecification\",\"valueRequired\":true,\"valueName\":\"search_term_string\"}}],\"inLanguage\":\"fr-FR\"},{\"@type\":\"Organization\",\"@id\":\"https:\\\/\\\/www.cadonix.com\\\/#organization\",\"name\":\"Cadonix Ltd\",\"url\":\"https:\\\/\\\/www.cadonix.com\\\/\",\"logo\":{\"@type\":\"ImageObject\",\"inLanguage\":\"fr-FR\",\"@id\":\"https:\\\/\\\/www.cadonix.com\\\/#\\\/schema\\\/logo\\\/image\\\/\",\"url\":\"https:\\\/\\\/www.cadonix.com\\\/wp-content\\\/uploads\\\/2025\\\/03\\\/0-Company-OurBusinesses-Cadonix2.svg.svg?w=800\",\"contentUrl\":\"https:\\\/\\\/www.cadonix.com\\\/wp-content\\\/uploads\\\/2025\\\/03\\\/0-Company-OurBusinesses-Cadonix2.svg.svg?w=800\",\"width\":800,\"height\":\"1024\",\"caption\":\"Cadonix Ltd\"},\"image\":{\"@id\":\"https:\\\/\\\/www.cadonix.com\\\/#\\\/schema\\\/logo\\\/image\\\/\"},\"sameAs\":[\"https:\\\/\\\/uk.linkedin.com\\\/company\\\/cadonix\",\"https:\\\/\\\/www.youtube.com\\\/@ArcadiaCAD\"]}]}<\/script>\n<!-- \/ Yoast SEO plugin. -->","yoast_head_json":{"title":"Mon compte - Cadonix","robots":{"index":"index","follow":"follow","max-snippet":"max-snippet:-1","max-image-preview":"max-image-preview:large","max-video-preview":"max-video-preview:-1"},"canonical":"https:\/\/www.cadonix.com\/fr\/mon-compte\/","og_locale":"fr_FR","og_type":"article","og_title":"Mon compte - Cadonix","og_description":"Annonce pour les utilisateurs actuels de Cadonix Bienvenue sur notre nouveau site web ! Si vous avez d\u00e9j\u00e0 un compte chez Cadonix et que vous \u00e9tiez client avant le 31 mars 2025 &#8211; veuillez cliquer ici pour cr\u00e9er un nouveau mot de passe de compte afin de g\u00e9rer vos commandes et abonnements.","og_url":"https:\/\/www.cadonix.com\/fr\/mon-compte\/","og_site_name":"Cadonix","article_modified_time":"2025-04-10T15:44:03+00:00","twitter_card":"summary_large_image","schema":{"@context":"https:\/\/schema.org","@graph":[{"@type":"WebPage","@id":"https:\/\/www.cadonix.com\/fr\/mon-compte\/","url":"https:\/\/www.cadonix.com\/fr\/mon-compte\/","name":"Mon compte - Cadonix","isPartOf":{"@id":"https:\/\/www.cadonix.com\/#website"},"datePublished":"2025-01-13T19:30:55+00:00","dateModified":"2025-04-10T15:44:03+00:00","breadcrumb":{"@id":"https:\/\/www.cadonix.com\/fr\/mon-compte\/#breadcrumb"},"inLanguage":"fr-FR","potentialAction":[{"@type":"ReadAction","target":["https:\/\/www.cadonix.com\/fr\/mon-compte\/"]}]},{"@type":"BreadcrumbList","@id":"https:\/\/www.cadonix.com\/fr\/mon-compte\/#breadcrumb","itemListElement":[{"@type":"ListItem","position":1,"name":"Home","item":"https:\/\/www.cadonix.com\/"},{"@type":"ListItem","position":2,"name":"Mon compte"}]},{"@type":"WebSite","@id":"https:\/\/www.cadonix.com\/#website","url":"https:\/\/www.cadonix.com\/","name":"Cadonix","description":"","publisher":{"@id":"https:\/\/www.cadonix.com\/#organization"},"potentialAction":[{"@type":"SearchAction","target":{"@type":"EntryPoint","urlTemplate":"https:\/\/www.cadonix.com\/?s={search_term_string}"},"query-input":{"@type":"PropertyValueSpecification","valueRequired":true,"valueName":"search_term_string"}}],"inLanguage":"fr-FR"},{"@type":"Organization","@id":"https:\/\/www.cadonix.com\/#organization","name":"Cadonix Ltd","url":"https:\/\/www.cadonix.com\/","logo":{"@type":"ImageObject","inLanguage":"fr-FR","@id":"https:\/\/www.cadonix.com\/#\/schema\/logo\/image\/","url":"https:\/\/www.cadonix.com\/wp-content\/uploads\/2025\/03\/0-Company-OurBusinesses-Cadonix2.svg.svg?w=800","contentUrl":"https:\/\/www.cadonix.com\/wp-content\/uploads\/2025\/03\/0-Company-OurBusinesses-Cadonix2.svg.svg?w=800","width":800,"height":"1024","caption":"Cadonix Ltd"},"image":{"@id":"https:\/\/www.cadonix.com\/#\/schema\/logo\/image\/"},"sameAs":["https:\/\/uk.linkedin.com\/company\/cadonix","https:\/\/www.youtube.com\/@ArcadiaCAD"]}]}},"_links":{"self":[{"href":"https:\/\/www.cadonix.com\/fr\/wp-json\/wp\/v2\/pages\/2625","targetHints":{"allow":["GET"]}}],"collection":[{"href":"https:\/\/www.cadonix.com\/fr\/wp-json\/wp\/v2\/pages"}],"about":[{"href":"https:\/\/www.cadonix.com\/fr\/wp-json\/wp\/v2\/types\/page"}],"author":[{"embeddable":true,"href":"https:\/\/www.cadonix.com\/fr\/wp-json\/wp\/v2\/users\/16"}],"replies":[{"embeddable":true,"href":"https:\/\/www.cadonix.com\/fr\/wp-json\/wp\/v2\/comments?post=2625"}],"version-history":[{"count":0,"href":"https:\/\/www.cadonix.com\/fr\/wp-json\/wp\/v2\/pages\/2625\/revisions"}],"wp:attachment":[{"href":"https:\/\/www.cadonix.com\/fr\/wp-json\/wp\/v2\/media?parent=2625"}],"curies":[{"name":"wp","href":"https:\/\/api.w.org\/{rel}","templated":true}]}}