{"id":9586,"date":"2025-02-12T11:17:39","date_gmt":"2025-02-12T16:17:39","guid":{"rendered":"https:\/\/www.cadonix.com\/ponte-en-contacto-con\/"},"modified":"2025-06-23T15:06:59","modified_gmt":"2025-06-23T19:06:59","slug":"ponte-en-contacto-con","status":"publish","type":"page","link":"https:\/\/www.cadonix.com\/es\/ponte-en-contacto-con\/","title":{"rendered":"Ponte en contacto con"},"content":{"rendered":"\t\t<div data-elementor-type=\"wp-page\" data-elementor-id=\"9586\" class=\"elementor elementor-9586 elementor-3534\" data-elementor-post-type=\"page\">\n\t\t\t\t<div class=\"elementor-element elementor-element-75d0bb8 e-flex e-con-boxed cadonix-spacing-none e-con e-parent\" data-id=\"75d0bb8\" data-element_type=\"container\" data-e-type=\"container\">\n\t\t\t\t\t<div class=\"e-con-inner\">\n\t\t\t\t<div class=\"elementor-element elementor-element-52b61ae cadonix-text-style-section-tag elementor-widget elementor-widget-text-editor\" data-id=\"52b61ae\" data-element_type=\"widget\" data-e-type=\"widget\" data-widget_type=\"text-editor.default\">\n\t\t\t\t<div class=\"elementor-widget-container\">\n\t\t\t\t\t\t\t\t\t<p>Contacta con nosotros<\/p>\t\t\t\t\t\t\t\t<\/div>\n\t\t\t\t<\/div>\n\t\t\t\t<div class=\"elementor-element elementor-element-a796711 cadonix-text-style-h2 elementor-widget elementor-widget-heading\" data-id=\"a796711\" data-element_type=\"widget\" data-e-type=\"widget\" data-widget_type=\"heading.default\">\n\t\t\t\t<div class=\"elementor-widget-container\">\n\t\t\t\t\t<h1 class=\"elementor-heading-title elementor-size-default\">Ponte en contacto con Cadonix<\/h1>\t\t\t\t<\/div>\n\t\t\t\t<\/div>\n\t\t\t\t<div class=\"elementor-element elementor-element-fabdb04 elementor-widget elementor-widget-text-editor\" data-id=\"fabdb04\" data-element_type=\"widget\" data-e-type=\"widget\" data-widget_type=\"text-editor.default\">\n\t\t\t\t<div class=\"elementor-widget-container\">\n\t\t\t\t\t\t\t\t\t<p>\u00bfTienes preguntas sobre Arcadia? \u00bfNecesitas ayuda para encontrar la soluci\u00f3n adecuada para tu equipo? Estamos aqu\u00ed para ayudarte. Si buscas asistencia sobre el producto, una demostraci\u00f3n o m\u00e1s detalles sobre nuestras soluciones de dise\u00f1o de arneses basadas en la nube, nuestro equipo est\u00e1 preparado para ayudarte.   <\/p>\t\t\t\t\t\t\t\t<\/div>\n\t\t\t\t<\/div>\n\t\t\t\t\t<\/div>\n\t\t\t\t<\/div>\n\t\t<div class=\"elementor-element elementor-element-7a07ae0 e-flex e-con-boxed cadonix-spacing-none e-con e-parent\" data-id=\"7a07ae0\" data-element_type=\"container\" data-e-type=\"container\">\n\t\t\t\t\t<div class=\"e-con-inner\">\n\t\t<div class=\"elementor-element elementor-element-c1cd61d e-con-full e-flex cadonix-spacing-none e-con e-child\" data-id=\"c1cd61d\" data-element_type=\"container\" data-e-type=\"container\" data-settings=\"{&quot;background_background&quot;:&quot;classic&quot;}\">\n\t\t<div class=\"elementor-element elementor-element-9d39925 e-con-full e-flex cadonix-spacing-none e-con e-child\" data-id=\"9d39925\" data-element_type=\"container\" data-e-type=\"container\">\n\t\t\t\t<div class=\"elementor-element elementor-element-856feae elementor-widget elementor-widget-heading\" data-id=\"856feae\" data-element_type=\"widget\" data-e-type=\"widget\" data-widget_type=\"heading.default\">\n\t\t\t\t<div class=\"elementor-widget-container\">\n\t\t\t\t\t<h3 class=\"elementor-heading-title elementor-size-default\">Empieza aqu\u00ed<\/h3>\t\t\t\t<\/div>\n\t\t\t\t<\/div>\n\t\t\t\t<div class=\"elementor-element elementor-element-f302f82 elementor-widget elementor-widget-text-editor\" data-id=\"f302f82\" data-element_type=\"widget\" data-e-type=\"widget\" data-widget_type=\"text-editor.default\">\n\t\t\t\t<div class=\"elementor-widget-container\">\n\t\t\t\t\t\t\t\t\t<p>Utiliza este formulario para ponerte en contacto con el equipo de Cadonix para consultas generales. Esperamos tener noticias tuyas. <\/p>\t\t\t\t\t\t\t\t<\/div>\n\t\t\t\t<\/div>\n\t\t\t\t<div class=\"elementor-element elementor-element-76bb912 elementor-widget elementor-widget-spacer\" data-id=\"76bb912\" data-element_type=\"widget\" data-e-type=\"widget\" data-widget_type=\"spacer.default\">\n\t\t\t\t<div class=\"elementor-widget-container\">\n\t\t\t\t\t\t\t<div class=\"elementor-spacer\">\n\t\t\t<div class=\"elementor-spacer-inner\"><\/div>\n\t\t<\/div>\n\t\t\t\t\t\t<\/div>\n\t\t\t\t<\/div>\n\t\t<div class=\"elementor-element elementor-element-40a220c e-con-full e-flex cadonix-spacing-none e-con e-child\" data-id=\"40a220c\" data-element_type=\"container\" data-e-type=\"container\">\n\t\t\t\t<div class=\"elementor-element elementor-element-c8a3079 elementor-view-default elementor-widget elementor-widget-icon\" data-id=\"c8a3079\" data-element_type=\"widget\" data-e-type=\"widget\" data-widget_type=\"icon.default\">\n\t\t\t\t<div class=\"elementor-widget-container\">\n\t\t\t\t\t\t\t<div class=\"elementor-icon-wrapper\">\n\t\t\t<div class=\"elementor-icon\">\n\t\t\t<svg xmlns=\"http:\/\/www.w3.org\/2000\/svg\" width=\"31\" height=\"31\" viewBox=\"0 0 31 31\" fill=\"none\"><g id=\"Navigation \/ Map_Pin\"><g id=\"Vector\"><path d=\"M6.75 12.8567C6.75 18.9215 12.0556 23.9368 14.404 25.8596C14.7401 26.1348 14.9101 26.2741 15.1609 26.3447C15.3561 26.3996 15.6435 26.3996 15.8387 26.3447C16.09 26.2739 16.2588 26.1361 16.5962 25.8598C18.9446 23.937 24.2499 18.922 24.2499 12.8572C24.2499 10.5621 23.3281 8.36069 21.6871 6.73778C20.0462 5.11487 17.8207 4.20312 15.5001 4.20312C13.1795 4.20312 10.9538 5.115 9.31282 6.73792C7.67187 8.36083 6.75 10.5615 6.75 12.8567Z\" stroke=\"white\" stroke-width=\"2\" stroke-linecap=\"round\" stroke-linejoin=\"round\"><\/path><path d=\"M13 11.7031C13 13.0838 14.1193 14.2031 15.5 14.2031C16.8807 14.2031 18 13.0838 18 11.7031C18 10.3224 16.8807 9.20312 15.5 9.20312C14.1193 9.20312 13 10.3224 13 11.7031Z\" stroke=\"white\" stroke-width=\"2\" stroke-linecap=\"round\" stroke-linejoin=\"round\"><\/path><\/g><\/g><\/svg>\t\t\t<\/div>\n\t\t<\/div>\n\t\t\t\t\t\t<\/div>\n\t\t\t\t<\/div>\n\t\t\t\t<div class=\"elementor-element elementor-element-a427c12 cadonix-text-style-body-regular elementor-widget elementor-widget-text-editor\" data-id=\"a427c12\" data-element_type=\"widget\" data-e-type=\"widget\" data-widget_type=\"text-editor.default\">\n\t\t\t\t<div class=\"elementor-widget-container\">\n\t\t\t\t\t\t\t\t\t<h6>Sede central<\/h6><p>161 Worcestor Rd, Suite 603 Framingham, MA 01701<\/p>\t\t\t\t\t\t\t\t<\/div>\n\t\t\t\t<\/div>\n\t\t\t\t<\/div>\n\t\t<div class=\"elementor-element elementor-element-8ab3d00 e-con-full e-flex cadonix-spacing-none e-con e-child\" data-id=\"8ab3d00\" data-element_type=\"container\" data-e-type=\"container\">\n\t\t\t\t<div class=\"elementor-element elementor-element-c11c292 elementor-view-default elementor-widget elementor-widget-icon\" data-id=\"c11c292\" data-element_type=\"widget\" data-e-type=\"widget\" data-widget_type=\"icon.default\">\n\t\t\t\t<div class=\"elementor-widget-container\">\n\t\t\t\t\t\t\t<div class=\"elementor-icon-wrapper\">\n\t\t\t<div class=\"elementor-icon\">\n\t\t\t<svg xmlns=\"http:\/\/www.w3.org\/2000\/svg\" width=\"31\" height=\"31\" viewBox=\"0 0 31 31\" fill=\"none\"><g id=\"Communication \/ Mail\"><path id=\"Vector\" d=\"M5.5 7.95312L13.1345 13.7185L13.1371 13.7206C13.9848 14.3422 14.4089 14.6532 14.8734 14.7734C15.284 14.8796 15.7156 14.8796 16.1262 14.7734C16.5912 14.6531 17.0165 14.3412 17.8657 13.7185C17.8657 13.7185 22.7626 9.96055 25.5 7.95312M4.25 20.2034V10.7034C4.25 9.30324 4.25 8.60265 4.52248 8.06787C4.76217 7.59747 5.14434 7.21529 5.61475 6.97561C6.14953 6.70312 6.85011 6.70312 8.25024 6.70312H22.7502C24.1504 6.70312 24.8495 6.70312 25.3842 6.97561C25.8547 7.21529 26.2381 7.59747 26.4778 8.06787C26.75 8.60213 26.75 9.30187 26.75 10.6993V20.2076C26.75 21.605 26.75 22.3037 26.4778 22.838C26.2381 23.3084 25.8547 23.6912 25.3842 23.9309C24.85 24.2031 24.1513 24.2031 22.7539 24.2031H8.24614C6.84874 24.2031 6.149 24.2031 5.61475 23.9309C5.14434 23.6912 4.76217 23.3084 4.52248 22.838C4.25 22.3032 4.25 21.6035 4.25 20.2034Z\" stroke=\"white\" stroke-width=\"2\" stroke-linecap=\"round\" stroke-linejoin=\"round\"><\/path><\/g><\/svg>\t\t\t<\/div>\n\t\t<\/div>\n\t\t\t\t\t\t<\/div>\n\t\t\t\t<\/div>\n\t\t\t\t<div class=\"elementor-element elementor-element-2c92f13 elementor-widget elementor-widget-text-editor\" data-id=\"2c92f13\" data-element_type=\"widget\" data-e-type=\"widget\" data-widget_type=\"text-editor.default\">\n\t\t\t\t<div class=\"elementor-widget-container\">\n\t\t\t\t\t\t\t\t\t<h6>Env\u00edanos un correo electr\u00f3nico<\/h6><p>info@cadonix.com<\/p>\t\t\t\t\t\t\t\t<\/div>\n\t\t\t\t<\/div>\n\t\t\t\t<\/div>\n\t\t\t\t<\/div>\n\t\t<div class=\"elementor-element elementor-element-08b363c e-con-full e-flex cadonix-spacing-none e-con e-child\" data-id=\"08b363c\" data-element_type=\"container\" data-e-type=\"container\">\n\t\t\t\t<div class=\"elementor-element elementor-element-317d411 elementor-widget elementor-widget-html\" data-id=\"317d411\" data-element_type=\"widget\" data-e-type=\"widget\" data-widget_type=\"html.default\">\n\t\t\t\t<div class=\"elementor-widget-container\">\n\t\t\t\t\t<script src=\"https:\/\/js-eu1.hsforms.net\/forms\/embed\/24883615.js\" defer><\/script>\n<div class=\"hs-form-frame\" data-region=\"eu1\" data-form-id=\"9476d972-69d2-4d0e-b2e5-da89b8c93384\" data-portal-id=\"24883615\"><\/div>\t\t\t\t<\/div>\n\t\t\t\t<\/div>\n\t\t\t\t<\/div>\n\t\t\t\t<\/div>\n\t\t\t\t\t<\/div>\n\t\t\t\t<\/div>\n\t\t<div class=\"elementor-element elementor-element-2424570 e-flex e-con-boxed cadonix-spacing-none e-con e-parent\" data-id=\"2424570\" data-element_type=\"container\" data-e-type=\"container\" data-settings=\"{&quot;background_background&quot;:&quot;classic&quot;}\">\n\t\t\t\t\t<div class=\"e-con-inner\">\n\t\t<div class=\"elementor-element elementor-element-e907a2c e-con-full e-flex cadonix-spacing-none e-con e-child\" data-id=\"e907a2c\" data-element_type=\"container\" data-e-type=\"container\">\n\t\t\t\t<div class=\"elementor-element elementor-element-a2edbcb elementor-widget elementor-widget-heading\" data-id=\"a2edbcb\" data-element_type=\"widget\" data-e-type=\"widget\" data-widget_type=\"heading.default\">\n\t\t\t\t<div class=\"elementor-widget-container\">\n\t\t\t\t\t<h2 class=\"elementor-heading-title elementor-size-default\">Asistencia t\u00e9cnica inigualable, 24 horas al d\u00eda, 7 d\u00edas a la semana.<\/h2>\t\t\t\t<\/div>\n\t\t\t\t<\/div>\n\t\t\t\t<div class=\"elementor-element elementor-element-cfc622f elementor-widget elementor-widget-text-editor\" data-id=\"cfc622f\" data-element_type=\"widget\" data-e-type=\"widget\" data-widget_type=\"text-editor.default\">\n\t\t\t\t<div class=\"elementor-widget-container\">\n\t\t\t\t\t\t\t\t\t<p>Nuestro equipo es insuperable en lo que se refiere al soporte del producto. Estamos a tu lado desde el principio de un proyecto y te guiamos con recursos \u00fatiles y formaci\u00f3n colaborativa para que puedas sacar el m\u00e1ximo partido a tu Experiencia Arcadia. <\/p>\t\t\t\t\t\t\t\t<\/div>\n\t\t\t\t<\/div>\n\t\t\t\t<div class=\"elementor-element elementor-element-a5021f2 elementor-button-red elementor-widget elementor-widget-button\" data-id=\"a5021f2\" data-element_type=\"widget\" data-e-type=\"widget\" data-widget_type=\"button.default\">\n\t\t\t\t<div class=\"elementor-widget-container\">\n\t\t\t\t\t\t\t\t\t<div class=\"elementor-button-wrapper\">\n\t\t\t\t\t<a class=\"elementor-button elementor-button-link elementor-size-sm\" href=\"https:\/\/helpdesk.cadonix.online\/\" target=\"_blank\">\n\t\t\t\t\t\t<span class=\"elementor-button-content-wrapper\">\n\t\t\t\t\t\t<span class=\"elementor-button-icon\">\n\t\t\t\t<svg xmlns=\"http:\/\/www.w3.org\/2000\/svg\" width=\"15\" height=\"13\" viewBox=\"0 0 15 13\" fill=\"none\"><path d=\"M1.66675 6.37769H13.3334M13.3334 6.37769L8.33341 1.37769M13.3334 6.37769L8.33341 11.3777\" stroke=\"white\" stroke-width=\"2\" stroke-linecap=\"round\" stroke-linejoin=\"round\"><\/path><\/svg>\t\t\t<\/span>\n\t\t\t\t\t\t\t\t\t<span class=\"elementor-button-text\">Entra en el servicio de ayuda de arcadia<\/span>\n\t\t\t\t\t<\/span>\n\t\t\t\t\t<\/a>\n\t\t\t\t<\/div>\n\t\t\t\t\t\t\t\t<\/div>\n\t\t\t\t<\/div>\n\t\t\t\t<\/div>\n\t\t\t\t\t<\/div>\n\t\t\t\t<\/div>\n\t\t\t\t<\/div>\n\t\t","protected":false},"excerpt":{"rendered":"<p>Contacta con nosotros Ponte en contacto con Cadonix \u00bfTienes preguntas sobre Arcadia? \u00bfNecesitas ayuda para encontrar la soluci\u00f3n adecuada para tu equipo? Estamos aqu\u00ed para ayudarte. Si buscas asistencia sobre el producto, una demostraci\u00f3n o m\u00e1s detalles sobre nuestras soluciones de dise\u00f1o de arneses basadas en la nube, nuestro equipo est\u00e1 preparado para ayudarte. Empieza [&hellip;]<\/p>\n","protected":false},"author":16,"featured_media":0,"parent":0,"menu_order":0,"comment_status":"closed","ping_status":"closed","template":"","meta":{"_acf_changed":false,"content-type":"","footnotes":""},"class_list":["post-9586","page","type-page","status-publish","hentry"],"acf":[],"yoast_head":"<!-- This site is optimized with the Yoast SEO plugin v27.3 - https:\/\/yoast.com\/product\/yoast-seo-wordpress\/ -->\n<title>Ponte en contacto con - Cadonix<\/title>\n<meta name=\"description\" content=\"\u00bfTienes curiosidad por saber c\u00f3mo Arcadia puede ayudarte a agilizar tu proceso de dise\u00f1o y fabricaci\u00f3n de mazos de cables? Ponte en contacto con nosotros y uno de nuestros miembros se pondr\u00e1 en contacto contigo en breve.\" \/>\n<meta name=\"robots\" content=\"index, follow, max-snippet:-1, max-image-preview:large, max-video-preview:-1\" \/>\n<link rel=\"canonical\" href=\"https:\/\/www.cadonix.com\/es\/ponte-en-contacto-con\/\" \/>\n<meta property=\"og:locale\" content=\"es_ES\" \/>\n<meta property=\"og:type\" content=\"article\" \/>\n<meta property=\"og:title\" content=\"Ponte en contacto con - Cadonix\" \/>\n<meta property=\"og:description\" content=\"\u00bfTienes curiosidad por saber c\u00f3mo Arcadia puede ayudarte a agilizar tu proceso de dise\u00f1o y fabricaci\u00f3n de mazos de cables? Ponte en contacto con nosotros y uno de nuestros miembros se pondr\u00e1 en contacto contigo en breve.\" \/>\n<meta property=\"og:url\" content=\"https:\/\/www.cadonix.com\/es\/ponte-en-contacto-con\/\" \/>\n<meta property=\"og:site_name\" content=\"Cadonix\" \/>\n<meta property=\"article:modified_time\" content=\"2025-06-23T19:06:59+00:00\" \/>\n<meta name=\"twitter:card\" content=\"summary_large_image\" \/>\n<meta name=\"twitter:label1\" content=\"Est. reading time\" \/>\n\t<meta name=\"twitter:data1\" content=\"1 minute\" \/>\n<script type=\"application\/ld+json\" class=\"yoast-schema-graph\">{\"@context\":\"https:\\\/\\\/schema.org\",\"@graph\":[{\"@type\":\"WebPage\",\"@id\":\"https:\\\/\\\/www.cadonix.com\\\/es\\\/ponte-en-contacto-con\\\/\",\"url\":\"https:\\\/\\\/www.cadonix.com\\\/es\\\/ponte-en-contacto-con\\\/\",\"name\":\"Ponte en contacto con - Cadonix\",\"isPartOf\":{\"@id\":\"https:\\\/\\\/www.cadonix.com\\\/#website\"},\"datePublished\":\"2025-02-12T16:17:39+00:00\",\"dateModified\":\"2025-06-23T19:06:59+00:00\",\"description\":\"\u00bfTienes curiosidad por saber c\u00f3mo Arcadia puede ayudarte a agilizar tu proceso de dise\u00f1o y fabricaci\u00f3n de mazos de cables? Ponte en contacto con nosotros y uno de nuestros miembros se pondr\u00e1 en contacto contigo en breve.\",\"breadcrumb\":{\"@id\":\"https:\\\/\\\/www.cadonix.com\\\/es\\\/ponte-en-contacto-con\\\/#breadcrumb\"},\"inLanguage\":\"es-ES\",\"potentialAction\":[{\"@type\":\"ReadAction\",\"target\":[\"https:\\\/\\\/www.cadonix.com\\\/es\\\/ponte-en-contacto-con\\\/\"]}]},{\"@type\":\"BreadcrumbList\",\"@id\":\"https:\\\/\\\/www.cadonix.com\\\/es\\\/ponte-en-contacto-con\\\/#breadcrumb\",\"itemListElement\":[{\"@type\":\"ListItem\",\"position\":1,\"name\":\"Home\",\"item\":\"https:\\\/\\\/www.cadonix.com\\\/\"},{\"@type\":\"ListItem\",\"position\":2,\"name\":\"Ponte en contacto con\"}]},{\"@type\":\"WebSite\",\"@id\":\"https:\\\/\\\/www.cadonix.com\\\/#website\",\"url\":\"https:\\\/\\\/www.cadonix.com\\\/\",\"name\":\"Cadonix\",\"description\":\"\",\"publisher\":{\"@id\":\"https:\\\/\\\/www.cadonix.com\\\/#organization\"},\"potentialAction\":[{\"@type\":\"SearchAction\",\"target\":{\"@type\":\"EntryPoint\",\"urlTemplate\":\"https:\\\/\\\/www.cadonix.com\\\/?s={search_term_string}\"},\"query-input\":{\"@type\":\"PropertyValueSpecification\",\"valueRequired\":true,\"valueName\":\"search_term_string\"}}],\"inLanguage\":\"es-ES\"},{\"@type\":\"Organization\",\"@id\":\"https:\\\/\\\/www.cadonix.com\\\/#organization\",\"name\":\"Cadonix Ltd\",\"url\":\"https:\\\/\\\/www.cadonix.com\\\/\",\"logo\":{\"@type\":\"ImageObject\",\"inLanguage\":\"es-ES\",\"@id\":\"https:\\\/\\\/www.cadonix.com\\\/#\\\/schema\\\/logo\\\/image\\\/\",\"url\":\"https:\\\/\\\/www.cadonix.com\\\/wp-content\\\/uploads\\\/2025\\\/03\\\/0-Company-OurBusinesses-Cadonix2.svg.svg?w=800\",\"contentUrl\":\"https:\\\/\\\/www.cadonix.com\\\/wp-content\\\/uploads\\\/2025\\\/03\\\/0-Company-OurBusinesses-Cadonix2.svg.svg?w=800\",\"width\":800,\"height\":\"1024\",\"caption\":\"Cadonix Ltd\"},\"image\":{\"@id\":\"https:\\\/\\\/www.cadonix.com\\\/#\\\/schema\\\/logo\\\/image\\\/\"},\"sameAs\":[\"https:\\\/\\\/uk.linkedin.com\\\/company\\\/cadonix\",\"https:\\\/\\\/www.youtube.com\\\/@ArcadiaCAD\"]}]}<\/script>\n<!-- \/ Yoast SEO plugin. -->","yoast_head_json":{"title":"Ponte en contacto con - Cadonix","description":"\u00bfTienes curiosidad por saber c\u00f3mo Arcadia puede ayudarte a agilizar tu proceso de dise\u00f1o y fabricaci\u00f3n de mazos de cables? Ponte en contacto con nosotros y uno de nuestros miembros se pondr\u00e1 en contacto contigo en breve.","robots":{"index":"index","follow":"follow","max-snippet":"max-snippet:-1","max-image-preview":"max-image-preview:large","max-video-preview":"max-video-preview:-1"},"canonical":"https:\/\/www.cadonix.com\/es\/ponte-en-contacto-con\/","og_locale":"es_ES","og_type":"article","og_title":"Ponte en contacto con - Cadonix","og_description":"\u00bfTienes curiosidad por saber c\u00f3mo Arcadia puede ayudarte a agilizar tu proceso de dise\u00f1o y fabricaci\u00f3n de mazos de cables? Ponte en contacto con nosotros y uno de nuestros miembros se pondr\u00e1 en contacto contigo en breve.","og_url":"https:\/\/www.cadonix.com\/es\/ponte-en-contacto-con\/","og_site_name":"Cadonix","article_modified_time":"2025-06-23T19:06:59+00:00","twitter_card":"summary_large_image","twitter_misc":{"Est. reading time":"1 minute"},"schema":{"@context":"https:\/\/schema.org","@graph":[{"@type":"WebPage","@id":"https:\/\/www.cadonix.com\/es\/ponte-en-contacto-con\/","url":"https:\/\/www.cadonix.com\/es\/ponte-en-contacto-con\/","name":"Ponte en contacto con - Cadonix","isPartOf":{"@id":"https:\/\/www.cadonix.com\/#website"},"datePublished":"2025-02-12T16:17:39+00:00","dateModified":"2025-06-23T19:06:59+00:00","description":"\u00bfTienes curiosidad por saber c\u00f3mo Arcadia puede ayudarte a agilizar tu proceso de dise\u00f1o y fabricaci\u00f3n de mazos de cables? Ponte en contacto con nosotros y uno de nuestros miembros se pondr\u00e1 en contacto contigo en breve.","breadcrumb":{"@id":"https:\/\/www.cadonix.com\/es\/ponte-en-contacto-con\/#breadcrumb"},"inLanguage":"es-ES","potentialAction":[{"@type":"ReadAction","target":["https:\/\/www.cadonix.com\/es\/ponte-en-contacto-con\/"]}]},{"@type":"BreadcrumbList","@id":"https:\/\/www.cadonix.com\/es\/ponte-en-contacto-con\/#breadcrumb","itemListElement":[{"@type":"ListItem","position":1,"name":"Home","item":"https:\/\/www.cadonix.com\/"},{"@type":"ListItem","position":2,"name":"Ponte en contacto con"}]},{"@type":"WebSite","@id":"https:\/\/www.cadonix.com\/#website","url":"https:\/\/www.cadonix.com\/","name":"Cadonix","description":"","publisher":{"@id":"https:\/\/www.cadonix.com\/#organization"},"potentialAction":[{"@type":"SearchAction","target":{"@type":"EntryPoint","urlTemplate":"https:\/\/www.cadonix.com\/?s={search_term_string}"},"query-input":{"@type":"PropertyValueSpecification","valueRequired":true,"valueName":"search_term_string"}}],"inLanguage":"es-ES"},{"@type":"Organization","@id":"https:\/\/www.cadonix.com\/#organization","name":"Cadonix Ltd","url":"https:\/\/www.cadonix.com\/","logo":{"@type":"ImageObject","inLanguage":"es-ES","@id":"https:\/\/www.cadonix.com\/#\/schema\/logo\/image\/","url":"https:\/\/www.cadonix.com\/wp-content\/uploads\/2025\/03\/0-Company-OurBusinesses-Cadonix2.svg.svg?w=800","contentUrl":"https:\/\/www.cadonix.com\/wp-content\/uploads\/2025\/03\/0-Company-OurBusinesses-Cadonix2.svg.svg?w=800","width":800,"height":"1024","caption":"Cadonix Ltd"},"image":{"@id":"https:\/\/www.cadonix.com\/#\/schema\/logo\/image\/"},"sameAs":["https:\/\/uk.linkedin.com\/company\/cadonix","https:\/\/www.youtube.com\/@ArcadiaCAD"]}]}},"_links":{"self":[{"href":"https:\/\/www.cadonix.com\/es\/wp-json\/wp\/v2\/pages\/9586","targetHints":{"allow":["GET"]}}],"collection":[{"href":"https:\/\/www.cadonix.com\/es\/wp-json\/wp\/v2\/pages"}],"about":[{"href":"https:\/\/www.cadonix.com\/es\/wp-json\/wp\/v2\/types\/page"}],"author":[{"embeddable":true,"href":"https:\/\/www.cadonix.com\/es\/wp-json\/wp\/v2\/users\/16"}],"replies":[{"embeddable":true,"href":"https:\/\/www.cadonix.com\/es\/wp-json\/wp\/v2\/comments?post=9586"}],"version-history":[{"count":0,"href":"https:\/\/www.cadonix.com\/es\/wp-json\/wp\/v2\/pages\/9586\/revisions"}],"wp:attachment":[{"href":"https:\/\/www.cadonix.com\/es\/wp-json\/wp\/v2\/media?parent=9586"}],"curies":[{"name":"wp","href":"https:\/\/api.w.org\/{rel}","templated":true}]}}