{"id":9553,"date":"2025-02-12T11:10:03","date_gmt":"2025-02-12T16:10:03","guid":{"rendered":"https:\/\/www.cadonix.com\/noticias-y-blog\/"},"modified":"2025-04-10T11:48:10","modified_gmt":"2025-04-10T15:48:10","slug":"noticias-y-blog","status":"publish","type":"page","link":"https:\/\/www.cadonix.com\/es\/noticias-y-blog\/","title":{"rendered":"Noticias y Blog"},"content":{"rendered":"\t\t<div data-elementor-type=\"wp-page\" data-elementor-id=\"9553\" class=\"elementor elementor-9553 elementor-3502\" data-elementor-post-type=\"page\">\n\t\t\t\t<div class=\"elementor-element elementor-element-370a3ee e-flex e-con-boxed cadonix-spacing-none e-con e-parent\" data-id=\"370a3ee\" data-element_type=\"container\" data-e-type=\"container\">\n\t\t\t\t\t<div class=\"e-con-inner\">\n\t\t\t\t<div class=\"elementor-element elementor-element-dcfe86f cadonix-text-style-section-tag elementor-widget elementor-widget-text-editor\" data-id=\"dcfe86f\" data-element_type=\"widget\" data-e-type=\"widget\" data-widget_type=\"text-editor.default\">\n\t\t\t\t<div class=\"elementor-widget-container\">\n\t\t\t\t\t\t\t\t\t<p>Navega por<\/p>\n\t\t\t\t\t\t\t\t<\/div>\n\t\t\t\t<\/div>\n\t\t\t\t<div class=\"elementor-element elementor-element-f42df21 cadonix-text-style-h2 elementor-widget elementor-widget-heading\" data-id=\"f42df21\" data-element_type=\"widget\" data-e-type=\"widget\" data-widget_type=\"heading.default\">\n\t\t\t\t<div class=\"elementor-widget-container\">\n\t\t\t\t\t<h1 class=\"elementor-heading-title elementor-size-default\">Noticias y Blog<\/h1>\t\t\t\t<\/div>\n\t\t\t\t<\/div>\n\t\t\t\t<div class=\"elementor-element elementor-element-e8aa962 elementor-widget elementor-widget-text-editor\" data-id=\"e8aa962\" data-element_type=\"widget\" data-e-type=\"widget\" data-widget_type=\"text-editor.default\">\n\t\t\t\t<div class=\"elementor-widget-container\">\n\t\t\t\t\t\t\t\t\t<p data-start=\"116\" data-end=\"346\">Mantente al d\u00eda de las \u00faltimas novedades de Cadonix: actualizaciones de productos, conocimientos de ingenier\u00eda, tendencias del sector y c\u00f3mo ayudamos a equipos de todo el mundo a optimizar el dise\u00f1o y la fabricaci\u00f3n de mazos de cables. Tanto si eres ingeniero, jefe de equipo o socio, encontrar\u00e1s consejos pr\u00e1cticos, noticias de la empresa y liderazgo intelectual que te mantendr\u00e1n conectado con lo \u00faltimo en dise\u00f1o el\u00e9ctrico. <\/p>\n\t\t\t\t\t\t\t\t<\/div>\n\t\t\t\t<\/div>\n\t\t\t\t\t<\/div>\n\t\t\t\t<\/div>\n\t\t<div class=\"elementor-element elementor-element-eb05ac5 e-flex e-con-boxed cadonix-spacing-none e-con e-parent\" data-id=\"eb05ac5\" data-element_type=\"container\" data-e-type=\"container\">\n\t\t\t\t\t<div class=\"e-con-inner\">\n\t\t<div class=\"elementor-element elementor-element-ab2743a e-con-full e-flex cadonix-spacing-none e-con e-child\" data-id=\"ab2743a\" data-element_type=\"container\" data-e-type=\"container\">\n\t\t\t\t<div class=\"elementor-element elementor-element-f398ea0 elementor-widget elementor-widget-heading\" data-id=\"f398ea0\" data-element_type=\"widget\" data-e-type=\"widget\" data-widget_type=\"heading.default\">\n\t\t\t\t<div class=\"elementor-widget-container\">\n\t\t\t\t\t<h4 class=\"elementor-heading-title elementor-size-default\">Buscar blogs<\/h4>\t\t\t\t<\/div>\n\t\t\t\t<\/div>\n\t\t\t\t<div class=\"elementor-element elementor-element-c9b6a79 elementor-widget elementor-widget-facetwp-facet\" data-id=\"c9b6a79\" data-element_type=\"widget\" data-e-type=\"widget\" data-widget_type=\"facetwp-facet.default\">\n\t\t\t\t<div class=\"elementor-widget-container\">\n\t\t\t\t\t\n        <div class=\"facet-wrap\">\n                        <div class=\"facetwp-facet facetwp-facet-post_search facetwp-type-search\" data-name=\"post_search\" data-type=\"search\"><\/div>        <\/div>\n\n        \t\t\t\t<\/div>\n\t\t\t\t<\/div>\n\t\t\t\t<div class=\"elementor-element elementor-element-0d5527e elementor-widget elementor-widget-heading\" data-id=\"0d5527e\" data-element_type=\"widget\" data-e-type=\"widget\" data-widget_type=\"heading.default\">\n\t\t\t\t<div class=\"elementor-widget-container\">\n\t\t\t\t\t<h4 class=\"elementor-heading-title elementor-size-default\">Categor\u00edas<\/h4>\t\t\t\t<\/div>\n\t\t\t\t<\/div>\n\t\t\t\t<div class=\"elementor-element elementor-element-34bac60 elementor-hidden-tablet elementor-hidden-mobile elementor-widget elementor-widget-facetwp-facet\" data-id=\"34bac60\" data-element_type=\"widget\" data-e-type=\"widget\" data-widget_type=\"facetwp-facet.default\">\n\t\t\t\t<div class=\"elementor-widget-container\">\n\t\t\t\t\t\n        <div class=\"facet-wrap\">\n                        <div class=\"facetwp-facet facetwp-facet-blog_post_categories facetwp-type-radio\" data-name=\"blog_post_categories\" data-type=\"radio\"><\/div>        <\/div>\n\n        \t\t\t\t<\/div>\n\t\t\t\t<\/div>\n\t\t\t\t<div class=\"elementor-element elementor-element-aaa0ae3 elementor-mobile-align-left elementor-hidden-desktop elementor-button-default elementor-widget elementor-widget-button\" data-id=\"aaa0ae3\" data-element_type=\"widget\" data-e-type=\"widget\" data-widget_type=\"button.default\">\n\t\t\t\t<div class=\"elementor-widget-container\">\n\t\t\t\t\t\t\t\t\t<div class=\"elementor-button-wrapper\">\n\t\t\t\t\t<a class=\"elementor-button elementor-button-link elementor-size-sm\" href=\"#elementor-action%3Aaction%3Doff_canvas%3Aopen%26settings%3DeyJpZCI6ImFhYjI1YmUiLCJkaXNwbGF5TW9kZSI6Im9wZW4ifQ%3D%3D\">\n\t\t\t\t\t\t<span class=\"elementor-button-content-wrapper\">\n\t\t\t\t\t\t<span class=\"elementor-button-icon\">\n\t\t\t\t<svg aria-hidden=\"true\" class=\"e-font-icon-svg e-fas-filter\" viewBox=\"0 0 512 512\" xmlns=\"http:\/\/www.w3.org\/2000\/svg\"><path d=\"M487.976 0H24.028C2.71 0-8.047 25.866 7.058 40.971L192 225.941V432c0 7.831 3.821 15.17 10.237 19.662l80 55.98C298.02 518.69 320 507.493 320 487.98V225.941l184.947-184.97C520.021 25.896 509.338 0 487.976 0z\"><\/path><\/svg>\t\t\t<\/span>\n\t\t\t\t\t\t\t\t\t<span class=\"elementor-button-text\">Filtrar puesto<\/span>\n\t\t\t\t\t<\/span>\n\t\t\t\t\t<\/a>\n\t\t\t\t<\/div>\n\t\t\t\t\t\t\t\t<\/div>\n\t\t\t\t<\/div>\n\t\t\t\t<\/div>\n\t\t<div class=\"elementor-element elementor-element-b65054d e-con-full e-flex cadonix-spacing-none e-con e-child\" data-id=\"b65054d\" data-element_type=\"container\" data-e-type=\"container\">\n\t\t\t\t<div class=\"elementor-element elementor-element-cf5fba0 cdx-blog-news-listing elementor-widget elementor-widget-facetwp-listing\" data-id=\"cf5fba0\" data-element_type=\"widget\" data-e-type=\"widget\" data-widget_type=\"facetwp-listing.default\">\n\t\t\t\t<div class=\"elementor-widget-container\">\n\t\t\t\t\t<div class=\"facetwp-template\" data-name=\"news_and_resources\"><div class=\"fwpl-layout el-o2ime cdx-posts-section\"><div class=\"fwpl-result r1\"><div class=\"fwpl-row el-nji4y cdx-post-single-card\"><div class=\"fwpl-col fwpl-col el-quhbg\"><div class=\"fwpl-item el-l1gt5 news-img\"><a href=\"https:\/\/www.cadonix.com\/es\/unete-a-rebuild-cadonix-en-wiretech-2025-4\/\"><img fetchpriority=\"high\" decoding=\"async\" width=\"1600\" height=\"1200\" src=\"https:\/\/www.cadonix.com\/wp-content\/uploads\/2026\/03\/EWPTE-2026-Cocktail-Hour-Thumbnail.png\" class=\"attachment-full size-full wp-post-image\" alt=\"\" srcset=\"https:\/\/www.cadonix.com\/wp-content\/uploads\/2026\/03\/EWPTE-2026-Cocktail-Hour-Thumbnail.png 1600w, https:\/\/www.cadonix.com\/wp-content\/uploads\/2026\/03\/EWPTE-2026-Cocktail-Hour-Thumbnail-300x225.png 300w, https:\/\/www.cadonix.com\/wp-content\/uploads\/2026\/03\/EWPTE-2026-Cocktail-Hour-Thumbnail-1024x768.png 1024w, https:\/\/www.cadonix.com\/wp-content\/uploads\/2026\/03\/EWPTE-2026-Cocktail-Hour-Thumbnail-768x576.png 768w, https:\/\/www.cadonix.com\/wp-content\/uploads\/2026\/03\/EWPTE-2026-Cocktail-Hour-Thumbnail-1536x1152.png 1536w, https:\/\/www.cadonix.com\/wp-content\/uploads\/2026\/03\/EWPTE-2026-Cocktail-Hour-Thumbnail-600x450.png 600w\" sizes=\"(max-width: 1600px) 100vw, 1600px\" \/><\/a><\/div><div class=\"fwpl-item el-5u2mkb news-term\"><span class=\"fwpl-term fwpl-term-eventos fwpl-tax-category\">Eventos<\/span><\/div><div class=\"fwpl-item el-ltsc5 news-title\"><a href=\"https:\/\/www.cadonix.com\/es\/unete-a-rebuild-cadonix-en-wiretech-2025-4\/\">\u00danete a Re:Build Cadonix en WireTech 2025<\/a><\/div><div class=\"fwpl-row el-giqxe news-group\"><div class=\"fwpl-col fwpl-col el-w4i8nj\"><div class=\"fwpl-item el-ch1pdv news-date\">March 20, 2026<\/div><\/div><\/div><\/div><\/div><\/div><div class=\"fwpl-result r2\"><div class=\"fwpl-row el-nji4y cdx-post-single-card\"><div class=\"fwpl-col fwpl-col el-quhbg\"><div class=\"fwpl-item el-l1gt5 news-img\"><a href=\"https:\/\/www.cadonix.com\/es\/unete-a-rebuild-cadonix-en-wiretech-2025-2\/\"><img decoding=\"async\" width=\"1600\" height=\"1200\" src=\"https:\/\/www.cadonix.com\/wp-content\/uploads\/2026\/01\/ReBuild-Cadonix-at-WHMA-2026.png\" class=\"attachment-full size-full wp-post-image\" alt=\"\" \/><\/a><\/div><div class=\"fwpl-item el-5u2mkb news-term\"><span class=\"fwpl-term fwpl-term-eventos fwpl-tax-category\">Eventos<\/span><\/div><div class=\"fwpl-item el-ltsc5 news-title\"><a href=\"https:\/\/www.cadonix.com\/es\/unete-a-rebuild-cadonix-en-wiretech-2025-2\/\">\u00danete a Re:Build Cadonix en WireTech 2025<\/a><\/div><div class=\"fwpl-row el-giqxe news-group\"><div class=\"fwpl-col fwpl-col el-w4i8nj\"><div class=\"fwpl-item el-ch1pdv news-date\">January 7, 2026<\/div><\/div><\/div><\/div><\/div><\/div><div class=\"fwpl-result r3\"><div class=\"fwpl-row el-nji4y cdx-post-single-card\"><div class=\"fwpl-col fwpl-col el-quhbg\"><div class=\"fwpl-item el-l1gt5 news-img\"><a href=\"https:\/\/www.cadonix.com\/es\/unete-a-rebuild-cadonix-en-wiretech-2025-3\/\"><img decoding=\"async\" width=\"1600\" height=\"1200\" src=\"https:\/\/www.cadonix.com\/wp-content\/uploads\/2026\/01\/Southern-Manufacturing-2026-Booth-C25.png\" class=\"attachment-full size-full wp-post-image\" alt=\"\" \/><\/a><\/div><div class=\"fwpl-item el-5u2mkb news-term\"><span class=\"fwpl-term fwpl-term-eventos fwpl-tax-category\">Eventos<\/span><\/div><div class=\"fwpl-item el-ltsc5 news-title\"><a href=\"https:\/\/www.cadonix.com\/es\/unete-a-rebuild-cadonix-en-wiretech-2025-3\/\">\u00danete a Re:Build Cadonix en WireTech 2025<\/a><\/div><div class=\"fwpl-row el-giqxe news-group\"><div class=\"fwpl-col fwpl-col el-w4i8nj\"><div class=\"fwpl-item el-ch1pdv news-date\">January 6, 2026<\/div><\/div><\/div><\/div><\/div><\/div><div class=\"fwpl-result r4\"><div class=\"fwpl-row el-nji4y cdx-post-single-card\"><div class=\"fwpl-col fwpl-col el-quhbg\"><div class=\"fwpl-item el-l1gt5 news-img\"><a href=\"https:\/\/www.cadonix.com\/es\/ecad-en-la-nube-guia-de-ventajas-y-buenas-practicas-2\/\"><img loading=\"lazy\" decoding=\"async\" width=\"1600\" height=\"1200\" src=\"https:\/\/www.cadonix.com\/wp-content\/uploads\/2025\/12\/Ensuring-Quality-with-Design-Rule-Checks-White-Paper.png\" class=\"attachment-full size-full wp-post-image\" alt=\"\" \/><\/a><\/div><div class=\"fwpl-item el-5u2mkb news-term\"><span class=\"fwpl-term fwpl-term-descargas fwpl-tax-category\">Descargas<\/span><\/div><div class=\"fwpl-item el-ltsc5 news-title\"><a href=\"https:\/\/www.cadonix.com\/es\/ecad-en-la-nube-guia-de-ventajas-y-buenas-practicas-2\/\">ECAD en la nube: Gu\u00eda de ventajas y buenas pr\u00e1cticas<\/a><\/div><div class=\"fwpl-row el-giqxe news-group\"><div class=\"fwpl-col fwpl-col el-w4i8nj\"><div class=\"fwpl-item el-ch1pdv news-date\">December 22, 2025<\/div><\/div><\/div><\/div><\/div><\/div><div class=\"fwpl-result r5\"><div class=\"fwpl-row el-nji4y cdx-post-single-card\"><div class=\"fwpl-col fwpl-col el-quhbg\"><div class=\"fwpl-item el-l1gt5 news-img\"><a href=\"https:\/\/www.cadonix.com\/es\/jornadas-de-formacion-de-ee-world-con-cadonix-acortando-distancias-entre-el-diseno-y-la-fabricacion\/\"><img loading=\"lazy\" decoding=\"async\" width=\"1915\" height=\"1075\" src=\"https:\/\/www.cadonix.com\/wp-content\/uploads\/2025\/09\/Featured-Image-Bridging-the-Gap-Between-Design-and-the-Manufacturing-Floor.png\" class=\"attachment-full size-full wp-post-image\" alt=\"\" \/><\/a><\/div><div class=\"fwpl-item el-5u2mkb news-term\"><span class=\"fwpl-term fwpl-term-eventos fwpl-tax-category\">Eventos<\/span><span class=\"fwpl-term fwpl-term-videos-es fwpl-tax-category\">V\u00eddeos<\/span><\/div><div class=\"fwpl-item el-ltsc5 news-title\"><a href=\"https:\/\/www.cadonix.com\/es\/jornadas-de-formacion-de-ee-world-con-cadonix-acortando-distancias-entre-el-diseno-y-la-fabricacion\/\">Jornadas de formaci\u00f3n de EE World con Cadonix: Acortando distancias entre el dise\u00f1o y la fabricaci\u00f3n<\/a><\/div><div class=\"fwpl-row el-giqxe news-group\"><div class=\"fwpl-col fwpl-col el-w4i8nj\"><div class=\"fwpl-item el-ch1pdv news-date\">September 29, 2025<\/div><\/div><\/div><\/div><\/div><\/div><div class=\"fwpl-result r6\"><div class=\"fwpl-row el-nji4y cdx-post-single-card\"><div class=\"fwpl-col fwpl-col el-quhbg\"><div class=\"fwpl-item el-l1gt5 news-img\"><a href=\"https:\/\/www.cadonix.com\/es\/unete-a-rebuild-cadonix-en-wiretech-2025\/\"><img loading=\"lazy\" decoding=\"async\" width=\"800\" height=\"800\" src=\"https:\/\/www.cadonix.com\/wp-content\/uploads\/2025\/08\/ReBuild-Cadonix-WireTech-2025.png\" class=\"attachment-full size-full wp-post-image\" alt=\"\" \/><\/a><\/div><div class=\"fwpl-item el-5u2mkb news-term\"><span class=\"fwpl-term fwpl-term-eventos fwpl-tax-category\">Eventos<\/span><\/div><div class=\"fwpl-item el-ltsc5 news-title\"><a href=\"https:\/\/www.cadonix.com\/es\/unete-a-rebuild-cadonix-en-wiretech-2025\/\">\u00danete a Re:Build Cadonix en WireTech 2025<\/a><\/div><div class=\"fwpl-row el-giqxe news-group\"><div class=\"fwpl-col fwpl-col el-w4i8nj\"><div class=\"fwpl-item el-ch1pdv news-date\">August 15, 2025<\/div><\/div><\/div><\/div><\/div><\/div><div class=\"fwpl-result r7\"><div class=\"fwpl-row el-nji4y cdx-post-single-card\"><div class=\"fwpl-col fwpl-col el-quhbg\"><div class=\"fwpl-item el-l1gt5 news-img\"><a href=\"https:\/\/www.cadonix.com\/es\/visita-cadonix-en-ewpte-2025\/\"><img loading=\"lazy\" decoding=\"async\" width=\"1200\" height=\"400\" src=\"https:\/\/www.cadonix.com\/wp-content\/uploads\/2025\/04\/Visit-Cadonix-at-EWPTE-2025.png\" class=\"attachment-full size-full wp-post-image\" alt=\"\" \/><\/a><\/div><div class=\"fwpl-item el-5u2mkb news-term\"><span class=\"fwpl-term fwpl-term-eventos fwpl-tax-category\">Eventos<\/span><\/div><div class=\"fwpl-item el-ltsc5 news-title\"><a href=\"https:\/\/www.cadonix.com\/es\/visita-cadonix-en-ewpte-2025\/\">Visita Cadonix en EWPTE 2025<\/a><\/div><div class=\"fwpl-row el-giqxe news-group\"><div class=\"fwpl-col fwpl-col el-w4i8nj\"><div class=\"fwpl-item el-ch1pdv news-date\">April 17, 2025<\/div><\/div><\/div><\/div><\/div><\/div><div class=\"fwpl-result r8\"><div class=\"fwpl-row el-nji4y cdx-post-single-card\"><div class=\"fwpl-col fwpl-col el-quhbg\"><div class=\"fwpl-item el-l1gt5 news-img\"><a href=\"https:\/\/www.cadonix.com\/es\/diseno-de-mazos-de-cables-para-condiciones-duras\/\"><img loading=\"lazy\" decoding=\"async\" width=\"1280\" height=\"720\" src=\"https:\/\/www.cadonix.com\/wp-content\/uploads\/2025\/01\/Emerging-Battery-Technologies-for-Electric-Vehicles-5.png\" class=\"attachment-full size-full wp-post-image\" alt=\"\" srcset=\"https:\/\/www.cadonix.com\/wp-content\/uploads\/2025\/01\/Emerging-Battery-Technologies-for-Electric-Vehicles-5.png 1280w, https:\/\/www.cadonix.com\/wp-content\/uploads\/2025\/01\/Emerging-Battery-Technologies-for-Electric-Vehicles-5-300x169.png 300w, https:\/\/www.cadonix.com\/wp-content\/uploads\/2025\/01\/Emerging-Battery-Technologies-for-Electric-Vehicles-5-1024x576.png 1024w, https:\/\/www.cadonix.com\/wp-content\/uploads\/2025\/01\/Emerging-Battery-Technologies-for-Electric-Vehicles-5-768x432.png 768w, https:\/\/www.cadonix.com\/wp-content\/uploads\/2025\/01\/Emerging-Battery-Technologies-for-Electric-Vehicles-5-600x338.png 600w\" sizes=\"(max-width: 1280px) 100vw, 1280px\" \/><\/a><\/div><div class=\"fwpl-item el-5u2mkb news-term\"><span class=\"fwpl-term fwpl-term-casos-practicos fwpl-tax-category\">Casos pr\u00e1cticos<\/span><\/div><div class=\"fwpl-item el-ltsc5 news-title\"><a href=\"https:\/\/www.cadonix.com\/es\/diseno-de-mazos-de-cables-para-condiciones-duras\/\">Dise\u00f1o de mazos de cables para condiciones duras<\/a><\/div><div class=\"fwpl-row el-giqxe news-group\"><div class=\"fwpl-col fwpl-col el-w4i8nj\"><div class=\"fwpl-item el-ch1pdv news-date\">November 5, 2024<\/div><\/div><\/div><\/div><\/div><\/div><\/div>\n<style>\n.fwpl-layout, .fwpl-row {\n    display: grid;\n}\n.fwpl-layout.el-o2ime {\n    grid-template-columns: repeat(2, 1fr);\n    grid-gap: 30px;\n}\n.fwpl-btn {\n    text-decoration: none;\n}\n.fwpl-row.el-nji4y {\n    grid-template-columns: 1fr;\n}\n.fwpl-row.el-giqxe {\n    grid-template-columns: 1fr;\n}\n@media (max-width: 480px) { \n    body .facetwp-template .fwpl-layout,  \n    body .facetwp-template-static .fwpl-layout { grid-template-columns: 1fr; } \n} \n\n<\/style>\n<\/div>\t\t\t\t<\/div>\n\t\t\t\t<\/div>\n\t\t\t\t<div class=\"elementor-element elementor-element-fb961f5 cdx-fwp-load elementor-widget elementor-widget-facetwp-facet\" data-id=\"fb961f5\" data-element_type=\"widget\" data-e-type=\"widget\" data-widget_type=\"facetwp-facet.default\">\n\t\t\t\t<div class=\"elementor-widget-container\">\n\t\t\t\t\t\n        <div class=\"facet-wrap\">\n                        <div class=\"facetwp-facet facetwp-facet-load_more facetwp-type-pager\" data-name=\"load_more\" data-type=\"pager\"><\/div>        <\/div>\n\n        \t\t\t\t<\/div>\n\t\t\t\t<\/div>\n\t\t\t\t<\/div>\n\t\t\t\t\t<\/div>\n\t\t\t\t<\/div>\n\t\t<div class=\"elementor-element elementor-element-86e0e0c elementor-hidden-desktop e-flex e-con-boxed cadonix-spacing-none e-con e-parent\" data-id=\"86e0e0c\" data-element_type=\"container\" data-e-type=\"container\">\n\t\t\t\t\t<div class=\"e-con-inner\">\n\t\t\t\t<div class=\"elementor-element elementor-element-aab25be cadonix-spacing-none elementor-widget elementor-widget-off-canvas\" data-id=\"aab25be\" data-element_type=\"widget\" data-e-type=\"widget\" data-widget_type=\"off-canvas.default\">\n\t\t\t\t<div class=\"elementor-widget-container\">\n\t\t\t\t\t\t\t<div id=\"off-canvas-aab25be\" class=\"e-off-canvas\" role=\"dialog\" aria-hidden=\"true\" aria-label=\"Filter Button\" aria-modal=\"true\" inert=\"\" data-delay-child-handlers=\"true\">\n\t\t\t<div class=\"e-off-canvas__overlay\"><\/div>\n\t\t\t<div class=\"e-off-canvas__main\">\n\t\t\t\t<div class=\"e-off-canvas__content\">\n\t\t\t\t\t<div class=\"elementor-element elementor-element-95914d7 e-con-full e-flex cadonix-spacing-none e-con e-child\" data-id=\"95914d7\" data-element_type=\"container\" data-e-type=\"container\">\n\t\t\t\t<div class=\"elementor-element elementor-element-44265f4 elementor-widget elementor-widget-facetwp-facet\" data-id=\"44265f4\" data-element_type=\"widget\" data-e-type=\"widget\" data-widget_type=\"facetwp-facet.default\">\n\t\t\t\t<div class=\"elementor-widget-container\">\n\t\t\t\t\t\n        <div class=\"facet-wrap\">\n                        <div class=\"facetwp-facet facetwp-facet-blog_post_categories facetwp-type-radio\" data-name=\"blog_post_categories\" data-type=\"radio\"><\/div>        <\/div>\n\n        \t\t\t\t<\/div>\n\t\t\t\t<\/div>\n\t\t\t\t<\/div>\n\t\t\t\t\t\t<\/div>\n\t\t\t<\/div>\n\t\t<\/div>\n\t\t\t\t\t\t<\/div>\n\t\t\t\t<\/div>\n\t\t\t\t\t<\/div>\n\t\t\t\t<\/div>\n\t\t\t\t<\/div>\n\t\t","protected":false},"excerpt":{"rendered":"<p>Navega por Noticias y Blog Mantente al d\u00eda de las \u00faltimas novedades de Cadonix: actualizaciones de productos, conocimientos de ingenier\u00eda, tendencias del sector y c\u00f3mo ayudamos a equipos de todo el mundo a optimizar el dise\u00f1o y la fabricaci\u00f3n de mazos de cables. Tanto si eres ingeniero, jefe de equipo o socio, encontrar\u00e1s consejos pr\u00e1cticos, [&hellip;]<\/p>\n","protected":false},"author":16,"featured_media":0,"parent":0,"menu_order":0,"comment_status":"closed","ping_status":"closed","template":"","meta":{"_acf_changed":false,"content-type":"","footnotes":""},"class_list":["post-9553","page","type-page","status-publish","hentry"],"acf":[],"yoast_head":"<!-- This site is optimized with the Yoast SEO plugin v27.3 - https:\/\/yoast.com\/product\/yoast-seo-wordpress\/ -->\n<title>Noticias y Blog - Cadonix<\/title>\n<meta name=\"robots\" content=\"index, follow, max-snippet:-1, max-image-preview:large, max-video-preview:-1\" \/>\n<link rel=\"canonical\" href=\"https:\/\/www.cadonix.com\/es\/noticias-y-blog\/\" \/>\n<meta property=\"og:locale\" content=\"es_ES\" \/>\n<meta property=\"og:type\" content=\"article\" \/>\n<meta property=\"og:title\" content=\"Noticias y Blog - Cadonix\" \/>\n<meta property=\"og:description\" content=\"Navega por Noticias y Blog Mantente al d\u00eda de las \u00faltimas novedades de Cadonix: actualizaciones de productos, conocimientos de ingenier\u00eda, tendencias del sector y c\u00f3mo ayudamos a equipos de todo el mundo a optimizar el dise\u00f1o y la fabricaci\u00f3n de mazos de cables. Tanto si eres ingeniero, jefe de equipo o socio, encontrar\u00e1s consejos pr\u00e1cticos, [&hellip;]\" \/>\n<meta property=\"og:url\" content=\"https:\/\/www.cadonix.com\/es\/noticias-y-blog\/\" \/>\n<meta property=\"og:site_name\" content=\"Cadonix\" \/>\n<meta property=\"article:modified_time\" content=\"2025-04-10T15:48:10+00:00\" \/>\n<meta name=\"twitter:card\" content=\"summary_large_image\" \/>\n<script type=\"application\/ld+json\" class=\"yoast-schema-graph\">{\"@context\":\"https:\\\/\\\/schema.org\",\"@graph\":[{\"@type\":\"WebPage\",\"@id\":\"https:\\\/\\\/www.cadonix.com\\\/es\\\/noticias-y-blog\\\/\",\"url\":\"https:\\\/\\\/www.cadonix.com\\\/es\\\/noticias-y-blog\\\/\",\"name\":\"Noticias y Blog - Cadonix\",\"isPartOf\":{\"@id\":\"https:\\\/\\\/www.cadonix.com\\\/#website\"},\"datePublished\":\"2025-02-12T16:10:03+00:00\",\"dateModified\":\"2025-04-10T15:48:10+00:00\",\"breadcrumb\":{\"@id\":\"https:\\\/\\\/www.cadonix.com\\\/es\\\/noticias-y-blog\\\/#breadcrumb\"},\"inLanguage\":\"es-ES\",\"potentialAction\":[{\"@type\":\"ReadAction\",\"target\":[\"https:\\\/\\\/www.cadonix.com\\\/es\\\/noticias-y-blog\\\/\"]}]},{\"@type\":\"BreadcrumbList\",\"@id\":\"https:\\\/\\\/www.cadonix.com\\\/es\\\/noticias-y-blog\\\/#breadcrumb\",\"itemListElement\":[{\"@type\":\"ListItem\",\"position\":1,\"name\":\"Home\",\"item\":\"https:\\\/\\\/www.cadonix.com\\\/\"},{\"@type\":\"ListItem\",\"position\":2,\"name\":\"Noticias y Blog\"}]},{\"@type\":\"WebSite\",\"@id\":\"https:\\\/\\\/www.cadonix.com\\\/#website\",\"url\":\"https:\\\/\\\/www.cadonix.com\\\/\",\"name\":\"Cadonix\",\"description\":\"\",\"publisher\":{\"@id\":\"https:\\\/\\\/www.cadonix.com\\\/#organization\"},\"potentialAction\":[{\"@type\":\"SearchAction\",\"target\":{\"@type\":\"EntryPoint\",\"urlTemplate\":\"https:\\\/\\\/www.cadonix.com\\\/?s={search_term_string}\"},\"query-input\":{\"@type\":\"PropertyValueSpecification\",\"valueRequired\":true,\"valueName\":\"search_term_string\"}}],\"inLanguage\":\"es-ES\"},{\"@type\":\"Organization\",\"@id\":\"https:\\\/\\\/www.cadonix.com\\\/#organization\",\"name\":\"Cadonix Ltd\",\"url\":\"https:\\\/\\\/www.cadonix.com\\\/\",\"logo\":{\"@type\":\"ImageObject\",\"inLanguage\":\"es-ES\",\"@id\":\"https:\\\/\\\/www.cadonix.com\\\/#\\\/schema\\\/logo\\\/image\\\/\",\"url\":\"https:\\\/\\\/www.cadonix.com\\\/wp-content\\\/uploads\\\/2025\\\/03\\\/0-Company-OurBusinesses-Cadonix2.svg.svg?w=800\",\"contentUrl\":\"https:\\\/\\\/www.cadonix.com\\\/wp-content\\\/uploads\\\/2025\\\/03\\\/0-Company-OurBusinesses-Cadonix2.svg.svg?w=800\",\"width\":800,\"height\":\"1024\",\"caption\":\"Cadonix Ltd\"},\"image\":{\"@id\":\"https:\\\/\\\/www.cadonix.com\\\/#\\\/schema\\\/logo\\\/image\\\/\"},\"sameAs\":[\"https:\\\/\\\/uk.linkedin.com\\\/company\\\/cadonix\",\"https:\\\/\\\/www.youtube.com\\\/@ArcadiaCAD\"]}]}<\/script>\n<!-- \/ Yoast SEO plugin. -->","yoast_head_json":{"title":"Noticias y Blog - Cadonix","robots":{"index":"index","follow":"follow","max-snippet":"max-snippet:-1","max-image-preview":"max-image-preview:large","max-video-preview":"max-video-preview:-1"},"canonical":"https:\/\/www.cadonix.com\/es\/noticias-y-blog\/","og_locale":"es_ES","og_type":"article","og_title":"Noticias y Blog - Cadonix","og_description":"Navega por Noticias y Blog Mantente al d\u00eda de las \u00faltimas novedades de Cadonix: actualizaciones de productos, conocimientos de ingenier\u00eda, tendencias del sector y c\u00f3mo ayudamos a equipos de todo el mundo a optimizar el dise\u00f1o y la fabricaci\u00f3n de mazos de cables. Tanto si eres ingeniero, jefe de equipo o socio, encontrar\u00e1s consejos pr\u00e1cticos, [&hellip;]","og_url":"https:\/\/www.cadonix.com\/es\/noticias-y-blog\/","og_site_name":"Cadonix","article_modified_time":"2025-04-10T15:48:10+00:00","twitter_card":"summary_large_image","schema":{"@context":"https:\/\/schema.org","@graph":[{"@type":"WebPage","@id":"https:\/\/www.cadonix.com\/es\/noticias-y-blog\/","url":"https:\/\/www.cadonix.com\/es\/noticias-y-blog\/","name":"Noticias y Blog - Cadonix","isPartOf":{"@id":"https:\/\/www.cadonix.com\/#website"},"datePublished":"2025-02-12T16:10:03+00:00","dateModified":"2025-04-10T15:48:10+00:00","breadcrumb":{"@id":"https:\/\/www.cadonix.com\/es\/noticias-y-blog\/#breadcrumb"},"inLanguage":"es-ES","potentialAction":[{"@type":"ReadAction","target":["https:\/\/www.cadonix.com\/es\/noticias-y-blog\/"]}]},{"@type":"BreadcrumbList","@id":"https:\/\/www.cadonix.com\/es\/noticias-y-blog\/#breadcrumb","itemListElement":[{"@type":"ListItem","position":1,"name":"Home","item":"https:\/\/www.cadonix.com\/"},{"@type":"ListItem","position":2,"name":"Noticias y Blog"}]},{"@type":"WebSite","@id":"https:\/\/www.cadonix.com\/#website","url":"https:\/\/www.cadonix.com\/","name":"Cadonix","description":"","publisher":{"@id":"https:\/\/www.cadonix.com\/#organization"},"potentialAction":[{"@type":"SearchAction","target":{"@type":"EntryPoint","urlTemplate":"https:\/\/www.cadonix.com\/?s={search_term_string}"},"query-input":{"@type":"PropertyValueSpecification","valueRequired":true,"valueName":"search_term_string"}}],"inLanguage":"es-ES"},{"@type":"Organization","@id":"https:\/\/www.cadonix.com\/#organization","name":"Cadonix Ltd","url":"https:\/\/www.cadonix.com\/","logo":{"@type":"ImageObject","inLanguage":"es-ES","@id":"https:\/\/www.cadonix.com\/#\/schema\/logo\/image\/","url":"https:\/\/www.cadonix.com\/wp-content\/uploads\/2025\/03\/0-Company-OurBusinesses-Cadonix2.svg.svg?w=800","contentUrl":"https:\/\/www.cadonix.com\/wp-content\/uploads\/2025\/03\/0-Company-OurBusinesses-Cadonix2.svg.svg?w=800","width":800,"height":"1024","caption":"Cadonix Ltd"},"image":{"@id":"https:\/\/www.cadonix.com\/#\/schema\/logo\/image\/"},"sameAs":["https:\/\/uk.linkedin.com\/company\/cadonix","https:\/\/www.youtube.com\/@ArcadiaCAD"]}]}},"_links":{"self":[{"href":"https:\/\/www.cadonix.com\/es\/wp-json\/wp\/v2\/pages\/9553","targetHints":{"allow":["GET"]}}],"collection":[{"href":"https:\/\/www.cadonix.com\/es\/wp-json\/wp\/v2\/pages"}],"about":[{"href":"https:\/\/www.cadonix.com\/es\/wp-json\/wp\/v2\/types\/page"}],"author":[{"embeddable":true,"href":"https:\/\/www.cadonix.com\/es\/wp-json\/wp\/v2\/users\/16"}],"replies":[{"embeddable":true,"href":"https:\/\/www.cadonix.com\/es\/wp-json\/wp\/v2\/comments?post=9553"}],"version-history":[{"count":0,"href":"https:\/\/www.cadonix.com\/es\/wp-json\/wp\/v2\/pages\/9553\/revisions"}],"wp:attachment":[{"href":"https:\/\/www.cadonix.com\/es\/wp-json\/wp\/v2\/media?parent=9553"}],"curies":[{"name":"wp","href":"https:\/\/api.w.org\/{rel}","templated":true}]}}